{"id":692,"date":"2026-04-12T12:13:28","date_gmt":"2026-04-12T12:13:28","guid":{"rendered":"https:\/\/dutchprojectflooring.nl\/?page_id=692"},"modified":"2026-04-12T18:01:20","modified_gmt":"2026-04-12T18:01:20","slug":"complete-interior-solutions-for-property-developments-on-the-costa-blanca","status":"publish","type":"page","link":"https:\/\/dutchprojectflooring.nl\/es\/complete-interior-solutions-for-property-developments-on-the-costa-blanca\/","title":{"rendered":"Complete Interior Solutions for Property Developments on the Costa Blanca"},"content":{"rendered":"<p>Dutch Project Flooring ofrece soluciones completas de interior para promociones inmobiliarias, propiedades de inversi\u00f3n y grandes proyectos residenciales en la Costa Blanca.<\/p>\n\n\n\n<p>Desde la instalaci\u00f3n de suelos hasta cortinas, estores y sistemas de protecci\u00f3n solar, ayudamos a promotores, inversores y profesionales inmobiliarios a completar proyectos de forma eficiente, profesional y con un \u00fanico punto de contacto.<\/p>\n\n\n\n<figure class=\"wp-block-image size-large\"><img loading=\"lazy\" decoding=\"async\" width=\"741\" height=\"1024\" src=\"https:\/\/dutchprojectflooring.nl\/wp-content\/uploads\/2026\/04\/nieuwbouw-appartement-costa-blanca-741x1024.jpeg\" alt=\"\" class=\"wp-image-696\" srcset=\"https:\/\/dutchprojectflooring.nl\/wp-content\/uploads\/2026\/04\/nieuwbouw-appartement-costa-blanca-741x1024.jpeg 741w, https:\/\/dutchprojectflooring.nl\/wp-content\/uploads\/2026\/04\/nieuwbouw-appartement-costa-blanca-217x300.jpeg 217w, https:\/\/dutchprojectflooring.nl\/wp-content\/uploads\/2026\/04\/nieuwbouw-appartement-costa-blanca-768x1061.jpeg 768w, https:\/\/dutchprojectflooring.nl\/wp-content\/uploads\/2026\/04\/nieuwbouw-appartement-costa-blanca-1112x1536.jpeg 1112w, https:\/\/dutchprojectflooring.nl\/wp-content\/uploads\/2026\/04\/nieuwbouw-appartement-costa-blanca-9x12.jpeg 9w, https:\/\/dutchprojectflooring.nl\/wp-content\/uploads\/2026\/04\/nieuwbouw-appartement-costa-blanca.jpeg 1158w\" sizes=\"auto, (max-width: 741px) 100vw, 741px\" \/><\/figure>\n\n\n\n<h3 class=\"wp-block-heading\"><strong>Para promotores, inversores y profesionales inmobiliarios<\/strong><\/h3>\n\n\n\n<p>Trabajamos con promotores, contratistas, inversores, gestores de propiedades y socios inmobiliarios de confianza que necesitan una ejecuci\u00f3n fiable de acabados interiores para villas, apartamentos, promociones residenciales y proyectos de reforma.<\/p>\n\n\n\n<p>Ya se trate de una propiedad reci\u00e9n adquirida, un desarrollo de varias unidades o un proyecto de reforma, ayudamos a pasar de la planificaci\u00f3n a la finalizaci\u00f3n con una coordinaci\u00f3n clara y soluciones pr\u00e1cticas.<\/p>\n\n\n\n<h3 class=\"wp-block-heading\"><strong>Lo que ofrecemos<\/strong><\/h3>\n\n\n\n<ul class=\"wp-block-list\">\n<li>Suelos LVT \/ PVC<\/li>\n\n\n\n<li>Suelos de madera y parquet<\/li>\n\n\n\n<li>Moqueta y alfombras a medida<\/li>\n\n\n\n<li>Cortinas y estores<\/li>\n\n\n\n<li>Sistemas de protecci\u00f3n solar exterior<\/li>\n\n\n\n<li>Coordinaci\u00f3n completa de acabados interiores<\/li>\n<\/ul>\n\n\n\n<h3 class=\"wp-block-heading\"><strong>Why work with one partner<\/strong><\/h3>\n\n\n\n<p>Los proyectos inmobiliarios de gran escala requieren m\u00e1s que buenos materiales. Requieren planificaci\u00f3n, comunicaci\u00f3n y una ejecuci\u00f3n fiable.<\/p>\n\n\n\n<p>Al trabajar con un \u00fanico socio experimentado, los clientes se benefician de:<\/p>\n\n\n\n<ul class=\"wp-block-list\">\n<li>planificaci\u00f3n clara<\/li>\n\n\n\n<li>acabados uniformes en m\u00faltiples espacios<\/li>\n\n\n\n<li>menos proveedores que gestionar<\/li>\n\n\n\n<li>coordinaci\u00f3n m\u00e1s r\u00e1pida en obra<\/li>\n\n\n\n<li>un \u00fanico punto de contacto de principio a fin<\/li>\n<\/ul>\n\n\n\n<h3 class=\"wp-block-heading\">\u00bfEst\u00e1 buscando comprar una propiedad en la Costa Blanca?<\/h3>\n\n\n\n<p>Trabajamos con socios inmobiliarios de confianza en la Costa Blanca que pueden ayudarle a encontrar la propiedad adecuada para su proyecto o inversi\u00f3n.<\/p>\n\n\n\n<p>Una vez completada la compra, nos encargamos de la finalizaci\u00f3n completa del interior, desde suelos hasta cortinas y mucho m\u00e1s.<\/p>\n\n\n\n<div class=\"wp-block-buttons is-content-justification-left is-layout-flex wp-container-core-buttons-is-layout-fc4fd283 wp-block-buttons-is-layout-flex\">\n<div class=\"wp-block-button\"><a class=\"wp-block-button__link has-palette-color-4-background-color has-background wp-element-button\" href=\"https:\/\/dragocapri.com\">Ver propiedades disponibles<\/a><\/div>\n<\/div>\n\n\n\n<figure class=\"wp-block-image size-full\"><a href=\"https:\/\/dragocapri.com\"><img loading=\"lazy\" decoding=\"async\" width=\"1024\" height=\"1024\" src=\"https:\/\/dutchprojectflooring.nl\/wp-content\/uploads\/2026\/04\/logo-dragocapri.jpg\" alt=\"\" class=\"wp-image-713\" srcset=\"https:\/\/dutchprojectflooring.nl\/wp-content\/uploads\/2026\/04\/logo-dragocapri.jpg 1024w, https:\/\/dutchprojectflooring.nl\/wp-content\/uploads\/2026\/04\/logo-dragocapri-300x300.jpg 300w, https:\/\/dutchprojectflooring.nl\/wp-content\/uploads\/2026\/04\/logo-dragocapri-150x150.jpg 150w, https:\/\/dutchprojectflooring.nl\/wp-content\/uploads\/2026\/04\/logo-dragocapri-768x768.jpg 768w, https:\/\/dutchprojectflooring.nl\/wp-content\/uploads\/2026\/04\/logo-dragocapri-12x12.jpg 12w\" sizes=\"auto, (max-width: 1024px) 100vw, 1024px\" \/><\/a><\/figure>\n\n\n\n<h3 class=\"wp-block-heading\"><strong>De la compra de la propiedad hasta la finalizaci\u00f3n del proyecto<\/strong><\/h3>\n\n\n\n<p>Trabajando junto con socios inmobiliarios de confianza en la Costa Blanca, ayudamos a nuestros clientes a transformar propiedades reci\u00e9n adquiridas y desarrollos en espacios terminados y listos para su uso.<\/p>\n\n\n\n<p>Esto es especialmente valioso para propiedades de inversi\u00f3n, alquileres vacacionales, promociones de apartamentos y proyectos residenciales de alto nivel, donde el tiempo, la presentaci\u00f3n y la coordinaci\u00f3n son clave.<\/p>\n\n\n\n<h3 class=\"wp-block-heading\"><strong>Hablar sobre su proyecto<\/strong><\/h3>\n\n\n\n<p>\u00bfTiene un proyecto de desarrollo inmobiliario, una inversi\u00f3n o un complejo residencial en la Costa Blanca?<\/p>\n\n\n\n<p>Env\u00edenos sus planos o los detalles de su proyecto. Respondemos r\u00e1pidamente y pensamos con usted desde el primer momento.<\/p>\n\n\n\n<div class=\"wp-block-buttons is-layout-flex wp-block-buttons-is-layout-flex\">\n<div class=\"wp-block-button\"><a class=\"wp-block-button__link has-palette-color-4-background-color has-background wp-element-button\" href=\"https:\/\/wa.me\/34665446043?text=Hello,%20I%20have%20a%20project%20on%20the%20Costa%20Blanca%20and%20would%20like%20more%20information.\">Hable con nosotros por WhatsApp<\/a><\/div>\n<\/div>\n\n\n\n<hr class=\"wp-block-separator has-alpha-channel-opacity\"\/>","protected":false},"excerpt":{"rendered":"<p>Dutch Project Flooring supports property developments, investment properties and large residential projects with complete interior solutions on the Costa Blanca. From flooring installation to curtains, blinds and shading systems, we [&hellip;]<\/p>\n","protected":false},"author":1,"featured_media":0,"parent":0,"menu_order":0,"comment_status":"closed","ping_status":"closed","template":"","meta":{"footnotes":""},"class_list":["post-692","page","type-page","status-publish","hentry"],"blocksy_meta":[],"_links":{"self":[{"href":"https:\/\/dutchprojectflooring.nl\/es\/wp-json\/wp\/v2\/pages\/692","targetHints":{"allow":["GET"]}}],"collection":[{"href":"https:\/\/dutchprojectflooring.nl\/es\/wp-json\/wp\/v2\/pages"}],"about":[{"href":"https:\/\/dutchprojectflooring.nl\/es\/wp-json\/wp\/v2\/types\/page"}],"author":[{"embeddable":true,"href":"https:\/\/dutchprojectflooring.nl\/es\/wp-json\/wp\/v2\/users\/1"}],"replies":[{"embeddable":true,"href":"https:\/\/dutchprojectflooring.nl\/es\/wp-json\/wp\/v2\/comments?post=692"}],"version-history":[{"count":7,"href":"https:\/\/dutchprojectflooring.nl\/es\/wp-json\/wp\/v2\/pages\/692\/revisions"}],"predecessor-version":[{"id":715,"href":"https:\/\/dutchprojectflooring.nl\/es\/wp-json\/wp\/v2\/pages\/692\/revisions\/715"}],"wp:attachment":[{"href":"https:\/\/dutchprojectflooring.nl\/es\/wp-json\/wp\/v2\/media?parent=692"}],"curies":[{"name":"wp","href":"https:\/\/api.w.org\/{rel}","templated":true}]}}