{"id":645,"date":"2026-04-03T13:30:16","date_gmt":"2026-04-03T13:30:16","guid":{"rendered":"https:\/\/dutchprojectflooring.nl\/?page_id=645"},"modified":"2026-04-03T14:03:07","modified_gmt":"2026-04-03T14:03:07","slug":"marine-flooring-projects","status":"publish","type":"page","link":"https:\/\/dutchprojectflooring.nl\/es\/marine-flooring-projects\/","title":{"rendered":"Marine Flooring Projects"},"content":{"rendered":"<p>Estamos especializados en soluciones de pavimentos para entornos mar\u00edtimos, incluyendo cruceros y proyectos navales.<br>Nuestro equipo tiene amplia experiencia trabajando bajo plazos estrictos y en condiciones complejas.<\/p>\n\n\n\n<p>Los proyectos mar\u00edtimos requieren precisi\u00f3n, planificaci\u00f3n y flexibilidad.<br>Estamos acostumbrados a trabajar con plazos ajustados y en entornos activos, ofreciendo resultados fiables sin retrasos.<\/p>\n\n\n\n<figure class=\"wp-block-gallery has-nested-images columns-default is-cropped wp-block-gallery-1 is-layout-flex wp-block-gallery-is-layout-flex\">\n<figure class=\"wp-block-image size-large\"><img loading=\"lazy\" decoding=\"async\" width=\"768\" height=\"1024\" data-id=\"646\" src=\"https:\/\/dutchprojectflooring.nl\/wp-content\/uploads\/2026\/04\/chess-deck-768x1024.jpeg\" alt=\"\" class=\"wp-image-646\" srcset=\"https:\/\/dutchprojectflooring.nl\/wp-content\/uploads\/2026\/04\/chess-deck-768x1024.jpeg 768w, https:\/\/dutchprojectflooring.nl\/wp-content\/uploads\/2026\/04\/chess-deck-225x300.jpeg 225w, https:\/\/dutchprojectflooring.nl\/wp-content\/uploads\/2026\/04\/chess-deck-1152x1536.jpeg 1152w, https:\/\/dutchprojectflooring.nl\/wp-content\/uploads\/2026\/04\/chess-deck-9x12.jpeg 9w, https:\/\/dutchprojectflooring.nl\/wp-content\/uploads\/2026\/04\/chess-deck.jpeg 1200w\" sizes=\"auto, (max-width: 768px) 100vw, 768px\" \/><figcaption class=\"wp-element-caption\">Cruise ship deck<\/figcaption><\/figure>\n\n\n\n<figure class=\"wp-block-image size-large\"><img loading=\"lazy\" decoding=\"async\" width=\"768\" height=\"1024\" data-id=\"649\" src=\"https:\/\/dutchprojectflooring.nl\/wp-content\/uploads\/2026\/04\/deck-chess-golf-games-768x1024.jpeg\" alt=\"\" class=\"wp-image-649\" srcset=\"https:\/\/dutchprojectflooring.nl\/wp-content\/uploads\/2026\/04\/deck-chess-golf-games-768x1024.jpeg 768w, https:\/\/dutchprojectflooring.nl\/wp-content\/uploads\/2026\/04\/deck-chess-golf-games-225x300.jpeg 225w, https:\/\/dutchprojectflooring.nl\/wp-content\/uploads\/2026\/04\/deck-chess-golf-games-1152x1536.jpeg 1152w, https:\/\/dutchprojectflooring.nl\/wp-content\/uploads\/2026\/04\/deck-chess-golf-games-9x12.jpeg 9w, https:\/\/dutchprojectflooring.nl\/wp-content\/uploads\/2026\/04\/deck-chess-golf-games.jpeg 1200w\" sizes=\"auto, (max-width: 768px) 100vw, 768px\" \/><figcaption class=\"wp-element-caption\">Deck with games<\/figcaption><\/figure>\n\n\n\n<figure class=\"wp-block-image size-large\"><img loading=\"lazy\" decoding=\"async\" width=\"768\" height=\"1024\" data-id=\"651\" src=\"https:\/\/dutchprojectflooring.nl\/wp-content\/uploads\/2026\/04\/loading-carpet-768x1024.jpeg\" alt=\"\" class=\"wp-image-651\" srcset=\"https:\/\/dutchprojectflooring.nl\/wp-content\/uploads\/2026\/04\/loading-carpet-768x1024.jpeg 768w, https:\/\/dutchprojectflooring.nl\/wp-content\/uploads\/2026\/04\/loading-carpet-225x300.jpeg 225w, https:\/\/dutchprojectflooring.nl\/wp-content\/uploads\/2026\/04\/loading-carpet-1152x1536.jpeg 1152w, https:\/\/dutchprojectflooring.nl\/wp-content\/uploads\/2026\/04\/loading-carpet-9x12.jpeg 9w, https:\/\/dutchprojectflooring.nl\/wp-content\/uploads\/2026\/04\/loading-carpet.jpeg 1200w\" sizes=\"auto, (max-width: 768px) 100vw, 768px\" \/><figcaption class=\"wp-element-caption\">Loading carpet on ship<\/figcaption><\/figure>\n\n\n\n<figure class=\"wp-block-image size-large\"><img loading=\"lazy\" decoding=\"async\" width=\"768\" height=\"1024\" data-id=\"652\" src=\"https:\/\/dutchprojectflooring.nl\/wp-content\/uploads\/2026\/04\/loading-carpet-on-ship-768x1024.jpeg\" alt=\"\" class=\"wp-image-652\" srcset=\"https:\/\/dutchprojectflooring.nl\/wp-content\/uploads\/2026\/04\/loading-carpet-on-ship-768x1024.jpeg 768w, https:\/\/dutchprojectflooring.nl\/wp-content\/uploads\/2026\/04\/loading-carpet-on-ship-225x300.jpeg 225w, https:\/\/dutchprojectflooring.nl\/wp-content\/uploads\/2026\/04\/loading-carpet-on-ship-1152x1536.jpeg 1152w, https:\/\/dutchprojectflooring.nl\/wp-content\/uploads\/2026\/04\/loading-carpet-on-ship-9x12.jpeg 9w, https:\/\/dutchprojectflooring.nl\/wp-content\/uploads\/2026\/04\/loading-carpet-on-ship.jpeg 1200w\" sizes=\"auto, (max-width: 768px) 100vw, 768px\" \/><figcaption class=\"wp-element-caption\">Laoding carpet on ship<\/figcaption><\/figure>\n\n\n\n<figure class=\"wp-block-image size-large\"><img loading=\"lazy\" decoding=\"async\" width=\"1024\" height=\"768\" data-id=\"653\" src=\"https:\/\/dutchprojectflooring.nl\/wp-content\/uploads\/2026\/04\/deck-system-1024x768.jpeg\" alt=\"\" class=\"wp-image-653\" srcset=\"https:\/\/dutchprojectflooring.nl\/wp-content\/uploads\/2026\/04\/deck-system-1024x768.jpeg 1024w, https:\/\/dutchprojectflooring.nl\/wp-content\/uploads\/2026\/04\/deck-system-300x225.jpeg 300w, https:\/\/dutchprojectflooring.nl\/wp-content\/uploads\/2026\/04\/deck-system-768x576.jpeg 768w, https:\/\/dutchprojectflooring.nl\/wp-content\/uploads\/2026\/04\/deck-system-1536x1152.jpeg 1536w, https:\/\/dutchprojectflooring.nl\/wp-content\/uploads\/2026\/04\/deck-system-16x12.jpeg 16w, https:\/\/dutchprojectflooring.nl\/wp-content\/uploads\/2026\/04\/deck-system.jpeg 1600w\" sizes=\"auto, (max-width: 1024px) 100vw, 1024px\" \/><figcaption class=\"wp-element-caption\">Artificial grass custom<\/figcaption><\/figure>\n\n\n\n<figure class=\"wp-block-image size-large\"><img loading=\"lazy\" decoding=\"async\" width=\"768\" height=\"1024\" data-id=\"356\" src=\"https:\/\/dutchprojectflooring.nl\/wp-content\/uploads\/2026\/03\/corridor-cruise-ship-carpet-768x1024.jpeg\" alt=\"\" class=\"wp-image-356\" srcset=\"https:\/\/dutchprojectflooring.nl\/wp-content\/uploads\/2026\/03\/corridor-cruise-ship-carpet-768x1024.jpeg 768w, https:\/\/dutchprojectflooring.nl\/wp-content\/uploads\/2026\/03\/corridor-cruise-ship-carpet-225x300.jpeg 225w, https:\/\/dutchprojectflooring.nl\/wp-content\/uploads\/2026\/03\/corridor-cruise-ship-carpet-1152x1536.jpeg 1152w, https:\/\/dutchprojectflooring.nl\/wp-content\/uploads\/2026\/03\/corridor-cruise-ship-carpet.jpeg 1200w\" sizes=\"auto, (max-width: 768px) 100vw, 768px\" \/><figcaption class=\"wp-element-caption\">Corridor with carpet<\/figcaption><\/figure>\n\n\n\n<figure class=\"wp-block-image size-large\"><img loading=\"lazy\" decoding=\"async\" width=\"1024\" height=\"768\" data-id=\"339\" src=\"https:\/\/dutchprojectflooring.nl\/wp-content\/uploads\/2026\/03\/hotelroom-flooring-1024x768.jpeg\" alt=\"\" class=\"wp-image-339\" srcset=\"https:\/\/dutchprojectflooring.nl\/wp-content\/uploads\/2026\/03\/hotelroom-flooring-1024x768.jpeg 1024w, https:\/\/dutchprojectflooring.nl\/wp-content\/uploads\/2026\/03\/hotelroom-flooring-300x225.jpeg 300w, https:\/\/dutchprojectflooring.nl\/wp-content\/uploads\/2026\/03\/hotelroom-flooring-768x576.jpeg 768w, https:\/\/dutchprojectflooring.nl\/wp-content\/uploads\/2026\/03\/hotelroom-flooring-1536x1152.jpeg 1536w, https:\/\/dutchprojectflooring.nl\/wp-content\/uploads\/2026\/03\/hotelroom-flooring.jpeg 1600w\" sizes=\"auto, (max-width: 1024px) 100vw, 1024px\" \/><figcaption class=\"wp-element-caption\">Cabin with carpet<\/figcaption><\/figure>\n\n\n\n<figure class=\"wp-block-image size-large\"><img loading=\"lazy\" decoding=\"async\" width=\"1024\" height=\"768\" data-id=\"309\" src=\"https:\/\/dutchprojectflooring.nl\/wp-content\/uploads\/2026\/03\/vinyl-flooring-tech-1024x768.jpeg\" alt=\"\" class=\"wp-image-309\" srcset=\"https:\/\/dutchprojectflooring.nl\/wp-content\/uploads\/2026\/03\/vinyl-flooring-tech-1024x768.jpeg 1024w, https:\/\/dutchprojectflooring.nl\/wp-content\/uploads\/2026\/03\/vinyl-flooring-tech-300x225.jpeg 300w, https:\/\/dutchprojectflooring.nl\/wp-content\/uploads\/2026\/03\/vinyl-flooring-tech-768x576.jpeg 768w, https:\/\/dutchprojectflooring.nl\/wp-content\/uploads\/2026\/03\/vinyl-flooring-tech-1536x1152.jpeg 1536w, https:\/\/dutchprojectflooring.nl\/wp-content\/uploads\/2026\/03\/vinyl-flooring-tech-16x12.jpeg 16w, https:\/\/dutchprojectflooring.nl\/wp-content\/uploads\/2026\/03\/vinyl-flooring-tech.jpeg 1600w\" sizes=\"auto, (max-width: 1024px) 100vw, 1024px\" \/><figcaption class=\"wp-element-caption\">Technical flooring<\/figcaption><\/figure>\n\n\n\n<figure class=\"wp-block-image size-large\"><img loading=\"lazy\" decoding=\"async\" width=\"768\" height=\"1024\" data-id=\"296\" src=\"https:\/\/dutchprojectflooring.nl\/wp-content\/uploads\/2026\/03\/carpet-cruiseship-patern-768x1024.jpeg\" alt=\"\" class=\"wp-image-296\" srcset=\"https:\/\/dutchprojectflooring.nl\/wp-content\/uploads\/2026\/03\/carpet-cruiseship-patern-768x1024.jpeg 768w, https:\/\/dutchprojectflooring.nl\/wp-content\/uploads\/2026\/03\/carpet-cruiseship-patern-225x300.jpeg 225w, https:\/\/dutchprojectflooring.nl\/wp-content\/uploads\/2026\/03\/carpet-cruiseship-patern-1152x1536.jpeg 1152w, https:\/\/dutchprojectflooring.nl\/wp-content\/uploads\/2026\/03\/carpet-cruiseship-patern-9x12.jpeg 9w, https:\/\/dutchprojectflooring.nl\/wp-content\/uploads\/2026\/03\/carpet-cruiseship-patern.jpeg 1200w\" sizes=\"auto, (max-width: 768px) 100vw, 768px\" \/><figcaption class=\"wp-element-caption\">Patern carpet<\/figcaption><\/figure>\n\n\n\n<figure class=\"wp-block-image size-large\"><img loading=\"lazy\" decoding=\"async\" width=\"1024\" height=\"768\" data-id=\"294\" src=\"https:\/\/dutchprojectflooring.nl\/wp-content\/uploads\/2026\/03\/cruisship-carpet-1-1024x768.jpeg\" alt=\"carpet installation\" class=\"wp-image-294\" srcset=\"https:\/\/dutchprojectflooring.nl\/wp-content\/uploads\/2026\/03\/cruisship-carpet-1-1024x768.jpeg 1024w, https:\/\/dutchprojectflooring.nl\/wp-content\/uploads\/2026\/03\/cruisship-carpet-1-300x225.jpeg 300w, https:\/\/dutchprojectflooring.nl\/wp-content\/uploads\/2026\/03\/cruisship-carpet-1-768x576.jpeg 768w, https:\/\/dutchprojectflooring.nl\/wp-content\/uploads\/2026\/03\/cruisship-carpet-1-1536x1152.jpeg 1536w, https:\/\/dutchprojectflooring.nl\/wp-content\/uploads\/2026\/03\/cruisship-carpet-1-16x12.jpeg 16w, https:\/\/dutchprojectflooring.nl\/wp-content\/uploads\/2026\/03\/cruisship-carpet-1.jpeg 1600w\" sizes=\"auto, (max-width: 1024px) 100vw, 1024px\" \/><figcaption class=\"wp-element-caption\">Cruise ship carpet<\/figcaption><\/figure>\n\n\n\n<figure class=\"wp-block-image size-large\"><img loading=\"lazy\" decoding=\"async\" width=\"768\" height=\"1024\" data-id=\"291\" src=\"https:\/\/dutchprojectflooring.nl\/wp-content\/uploads\/2026\/03\/carpet-cruise-ship-1-768x1024.jpeg\" alt=\"\" class=\"wp-image-291\" srcset=\"https:\/\/dutchprojectflooring.nl\/wp-content\/uploads\/2026\/03\/carpet-cruise-ship-1-768x1024.jpeg 768w, https:\/\/dutchprojectflooring.nl\/wp-content\/uploads\/2026\/03\/carpet-cruise-ship-1-225x300.jpeg 225w, https:\/\/dutchprojectflooring.nl\/wp-content\/uploads\/2026\/03\/carpet-cruise-ship-1-1152x1536.jpeg 1152w, https:\/\/dutchprojectflooring.nl\/wp-content\/uploads\/2026\/03\/carpet-cruise-ship-1-9x12.jpeg 9w, https:\/\/dutchprojectflooring.nl\/wp-content\/uploads\/2026\/03\/carpet-cruise-ship-1.jpeg 1200w\" sizes=\"auto, (max-width: 768px) 100vw, 768px\" \/><figcaption class=\"wp-element-caption\">Cruise ship carpet<\/figcaption><\/figure>\n\n\n\n<figure class=\"wp-block-image size-large\"><img loading=\"lazy\" decoding=\"async\" width=\"1024\" height=\"768\" data-id=\"277\" src=\"https:\/\/dutchprojectflooring.nl\/wp-content\/uploads\/2026\/03\/deck-grass-cruiseship-1024x768.jpeg\" alt=\"Artificial grass on a cruise ship deck\" class=\"wp-image-277\" srcset=\"https:\/\/dutchprojectflooring.nl\/wp-content\/uploads\/2026\/03\/deck-grass-cruiseship-1024x768.jpeg 1024w, https:\/\/dutchprojectflooring.nl\/wp-content\/uploads\/2026\/03\/deck-grass-cruiseship-300x225.jpeg 300w, https:\/\/dutchprojectflooring.nl\/wp-content\/uploads\/2026\/03\/deck-grass-cruiseship-768x576.jpeg 768w, https:\/\/dutchprojectflooring.nl\/wp-content\/uploads\/2026\/03\/deck-grass-cruiseship-1536x1152.jpeg 1536w, https:\/\/dutchprojectflooring.nl\/wp-content\/uploads\/2026\/03\/deck-grass-cruiseship-16x12.jpeg 16w, https:\/\/dutchprojectflooring.nl\/wp-content\/uploads\/2026\/03\/deck-grass-cruiseship.jpeg 1600w\" sizes=\"auto, (max-width: 1024px) 100vw, 1024px\" \/><figcaption class=\"wp-element-caption\">Cruise ship sundeck<\/figcaption><\/figure>\n\n\n\n<figure class=\"wp-block-image size-large\"><img loading=\"lazy\" decoding=\"async\" width=\"768\" height=\"1024\" data-id=\"275\" src=\"https:\/\/dutchprojectflooring.nl\/wp-content\/uploads\/2026\/03\/deck-cruiseship-2-768x1024.jpeg\" alt=\"Putting green on a cruise ship deck\" class=\"wp-image-275\" srcset=\"https:\/\/dutchprojectflooring.nl\/wp-content\/uploads\/2026\/03\/deck-cruiseship-2-768x1024.jpeg 768w, https:\/\/dutchprojectflooring.nl\/wp-content\/uploads\/2026\/03\/deck-cruiseship-2-225x300.jpeg 225w, https:\/\/dutchprojectflooring.nl\/wp-content\/uploads\/2026\/03\/deck-cruiseship-2-1152x1536.jpeg 1152w, https:\/\/dutchprojectflooring.nl\/wp-content\/uploads\/2026\/03\/deck-cruiseship-2-9x12.jpeg 9w, https:\/\/dutchprojectflooring.nl\/wp-content\/uploads\/2026\/03\/deck-cruiseship-2.jpeg 1200w\" sizes=\"auto, (max-width: 768px) 100vw, 768px\" \/><figcaption class=\"wp-element-caption\">Sundeck with golf<\/figcaption><\/figure>\n\n\n\n<figure class=\"wp-block-image size-large\"><img loading=\"lazy\" decoding=\"async\" width=\"768\" height=\"1024\" data-id=\"270\" src=\"https:\/\/dutchprojectflooring.nl\/wp-content\/uploads\/2026\/03\/cruise-ship-chess-768x1024.jpeg\" alt=\"Artificial grass chess\" class=\"wp-image-270\" srcset=\"https:\/\/dutchprojectflooring.nl\/wp-content\/uploads\/2026\/03\/cruise-ship-chess-768x1024.jpeg 768w, https:\/\/dutchprojectflooring.nl\/wp-content\/uploads\/2026\/03\/cruise-ship-chess-225x300.jpeg 225w, https:\/\/dutchprojectflooring.nl\/wp-content\/uploads\/2026\/03\/cruise-ship-chess-1152x1536.jpeg 1152w, https:\/\/dutchprojectflooring.nl\/wp-content\/uploads\/2026\/03\/cruise-ship-chess-9x12.jpeg 9w, https:\/\/dutchprojectflooring.nl\/wp-content\/uploads\/2026\/03\/cruise-ship-chess.jpeg 1200w\" sizes=\"auto, (max-width: 768px) 100vw, 768px\" \/><figcaption class=\"wp-element-caption\">Sundeck with chess<\/figcaption><\/figure>\n\n\n\n<figure class=\"wp-block-image size-large\"><img loading=\"lazy\" decoding=\"async\" width=\"1024\" height=\"768\" data-id=\"111\" src=\"https:\/\/dutchprojectflooring.nl\/wp-content\/uploads\/2026\/03\/freighter-flooring6-1024x768.jpeg\" alt=\"\" class=\"wp-image-111\" srcset=\"https:\/\/dutchprojectflooring.nl\/wp-content\/uploads\/2026\/03\/freighter-flooring6-1024x768.jpeg 1024w, https:\/\/dutchprojectflooring.nl\/wp-content\/uploads\/2026\/03\/freighter-flooring6-300x225.jpeg 300w, https:\/\/dutchprojectflooring.nl\/wp-content\/uploads\/2026\/03\/freighter-flooring6-768x576.jpeg 768w, https:\/\/dutchprojectflooring.nl\/wp-content\/uploads\/2026\/03\/freighter-flooring6-1536x1152.jpeg 1536w, https:\/\/dutchprojectflooring.nl\/wp-content\/uploads\/2026\/03\/freighter-flooring6.jpeg 1600w\" sizes=\"auto, (max-width: 1024px) 100vw, 1024px\" \/><figcaption class=\"wp-element-caption\">Freighter LVT flooring<\/figcaption><\/figure>\n\n\n\n<figure class=\"wp-block-image size-large\"><img loading=\"lazy\" decoding=\"async\" width=\"1024\" height=\"768\" data-id=\"107\" src=\"https:\/\/dutchprojectflooring.nl\/wp-content\/uploads\/2026\/03\/freighter-flooring3-1024x768.jpeg\" alt=\"\" class=\"wp-image-107\" srcset=\"https:\/\/dutchprojectflooring.nl\/wp-content\/uploads\/2026\/03\/freighter-flooring3-1024x768.jpeg 1024w, https:\/\/dutchprojectflooring.nl\/wp-content\/uploads\/2026\/03\/freighter-flooring3-300x225.jpeg 300w, https:\/\/dutchprojectflooring.nl\/wp-content\/uploads\/2026\/03\/freighter-flooring3-768x576.jpeg 768w, https:\/\/dutchprojectflooring.nl\/wp-content\/uploads\/2026\/03\/freighter-flooring3-1536x1152.jpeg 1536w, https:\/\/dutchprojectflooring.nl\/wp-content\/uploads\/2026\/03\/freighter-flooring3.jpeg 1600w\" sizes=\"auto, (max-width: 1024px) 100vw, 1024px\" \/><figcaption class=\"wp-element-caption\">Freighter flooring<\/figcaption><\/figure>\n\n\n\n<figure class=\"wp-block-image size-large\"><img loading=\"lazy\" decoding=\"async\" width=\"768\" height=\"1024\" data-id=\"90\" src=\"https:\/\/dutchprojectflooring.nl\/wp-content\/uploads\/2026\/03\/lvt-cruiseship-768x1024.jpeg\" alt=\"LVT installation in a restaurant on a cruise ship\" class=\"wp-image-90\" srcset=\"https:\/\/dutchprojectflooring.nl\/wp-content\/uploads\/2026\/03\/lvt-cruiseship-768x1024.jpeg 768w, https:\/\/dutchprojectflooring.nl\/wp-content\/uploads\/2026\/03\/lvt-cruiseship-225x300.jpeg 225w, https:\/\/dutchprojectflooring.nl\/wp-content\/uploads\/2026\/03\/lvt-cruiseship-1152x1536.jpeg 1152w, https:\/\/dutchprojectflooring.nl\/wp-content\/uploads\/2026\/03\/lvt-cruiseship.jpeg 1200w\" sizes=\"auto, (max-width: 768px) 100vw, 768px\" \/><figcaption class=\"wp-element-caption\">LVT flooring ship<\/figcaption><\/figure>\n\n\n\n<figure class=\"wp-block-image size-large\"><img loading=\"lazy\" decoding=\"async\" width=\"576\" height=\"1024\" data-id=\"94\" src=\"https:\/\/dutchprojectflooring.nl\/wp-content\/uploads\/2026\/03\/restaurant-floring2-576x1024.jpeg\" alt=\"\" class=\"wp-image-94\" srcset=\"https:\/\/dutchprojectflooring.nl\/wp-content\/uploads\/2026\/03\/restaurant-floring2-576x1024.jpeg 576w, https:\/\/dutchprojectflooring.nl\/wp-content\/uploads\/2026\/03\/restaurant-floring2-169x300.jpeg 169w, https:\/\/dutchprojectflooring.nl\/wp-content\/uploads\/2026\/03\/restaurant-floring2-768x1365.jpeg 768w, https:\/\/dutchprojectflooring.nl\/wp-content\/uploads\/2026\/03\/restaurant-floring2-864x1536.jpeg 864w, https:\/\/dutchprojectflooring.nl\/wp-content\/uploads\/2026\/03\/restaurant-floring2.jpeg 900w\" sizes=\"auto, (max-width: 576px) 100vw, 576px\" \/><figcaption class=\"wp-element-caption\">Moduleo cruise ship<\/figcaption><\/figure>\n<\/figure>\n\n\n\n<p class=\"has-text-align-center\">\u00bfTiene un proyecto? Cont\u00e1ctenos para asesoramiento y un presupuesto r\u00e1pido.<\/p>\n\n\n\n<p class=\"has-text-align-center\"><a href=\"tel:+34665446043\">Ll\u00e1menos: +34 665 446 043<\/a><br><br><a href=\"https:\/\/wa.me\/34665446043?text=Hello%20I%20have%20a%20project%20in%20Spain\">O escr\u00edbanos directamente por WhatsApp<\/a><\/p>\n\n\n\n<p><\/p>","protected":false},"excerpt":{"rendered":"<p>We specialise in flooring solutions for marine environments, including cruise ships and maritime projects.Our team is experienced in working under strict deadlines and complex conditions. Marine projects require precision, planning [&hellip;]<\/p>\n","protected":false},"author":1,"featured_media":0,"parent":0,"menu_order":0,"comment_status":"closed","ping_status":"closed","template":"","meta":{"footnotes":""},"class_list":["post-645","page","type-page","status-publish","hentry"],"blocksy_meta":[],"_links":{"self":[{"href":"https:\/\/dutchprojectflooring.nl\/es\/wp-json\/wp\/v2\/pages\/645","targetHints":{"allow":["GET"]}}],"collection":[{"href":"https:\/\/dutchprojectflooring.nl\/es\/wp-json\/wp\/v2\/pages"}],"about":[{"href":"https:\/\/dutchprojectflooring.nl\/es\/wp-json\/wp\/v2\/types\/page"}],"author":[{"embeddable":true,"href":"https:\/\/dutchprojectflooring.nl\/es\/wp-json\/wp\/v2\/users\/1"}],"replies":[{"embeddable":true,"href":"https:\/\/dutchprojectflooring.nl\/es\/wp-json\/wp\/v2\/comments?post=645"}],"version-history":[{"count":2,"href":"https:\/\/dutchprojectflooring.nl\/es\/wp-json\/wp\/v2\/pages\/645\/revisions"}],"predecessor-version":[{"id":676,"href":"https:\/\/dutchprojectflooring.nl\/es\/wp-json\/wp\/v2\/pages\/645\/revisions\/676"}],"wp:attachment":[{"href":"https:\/\/dutchprojectflooring.nl\/es\/wp-json\/wp\/v2\/media?parent=645"}],"curies":[{"name":"wp","href":"https:\/\/api.w.org\/{rel}","templated":true}]}}