{"id":635,"date":"2026-04-03T13:10:04","date_gmt":"2026-04-03T13:10:04","guid":{"rendered":"https:\/\/dutchprojectflooring.nl\/?page_id=635"},"modified":"2026-04-03T15:14:36","modified_gmt":"2026-04-03T15:14:36","slug":"commercial-flooring-interior-projects","status":"publish","type":"page","link":"https:\/\/dutchprojectflooring.nl\/es\/commercial-flooring-interior-projects\/","title":{"rendered":"Commercial Flooring &amp; Interior Projects"},"content":{"rendered":"<p>Ofrecemos soluciones duraderas y eficientes en pavimentos e interiores para entornos comerciales.<br>Desde tiendas y oficinas hasta espacios de alto tr\u00e1nsito, priorizamos la rapidez, la fiabilidad y un rendimiento duradero.<\/p>\n\n\n\n<figure class=\"wp-block-gallery has-nested-images columns-default is-cropped wp-block-gallery-1 is-layout-flex wp-block-gallery-is-layout-flex\">\n<figure class=\"wp-block-image size-large\"><img loading=\"lazy\" decoding=\"async\" width=\"768\" height=\"1024\" data-id=\"575\" src=\"https:\/\/dutchprojectflooring.nl\/wp-content\/uploads\/2026\/03\/pvc-klik-visgraat-768x1024.jpeg\" alt=\"\" class=\"wp-image-575\" srcset=\"https:\/\/dutchprojectflooring.nl\/wp-content\/uploads\/2026\/03\/pvc-klik-visgraat-768x1024.jpeg 768w, https:\/\/dutchprojectflooring.nl\/wp-content\/uploads\/2026\/03\/pvc-klik-visgraat-225x300.jpeg 225w, https:\/\/dutchprojectflooring.nl\/wp-content\/uploads\/2026\/03\/pvc-klik-visgraat-1152x1536.jpeg 1152w, https:\/\/dutchprojectflooring.nl\/wp-content\/uploads\/2026\/03\/pvc-klik-visgraat-9x12.jpeg 9w, https:\/\/dutchprojectflooring.nl\/wp-content\/uploads\/2026\/03\/pvc-klik-visgraat.jpeg 1200w\" sizes=\"auto, (max-width: 768px) 100vw, 768px\" \/><figcaption class=\"wp-element-caption\">Rental apartments<\/figcaption><\/figure>\n\n\n\n<figure class=\"wp-block-image size-large\"><img loading=\"lazy\" decoding=\"async\" width=\"1024\" height=\"768\" data-id=\"340\" src=\"https:\/\/dutchprojectflooring.nl\/wp-content\/uploads\/2026\/03\/LVT-lounge-1024x768.jpeg\" alt=\"\" class=\"wp-image-340\" srcset=\"https:\/\/dutchprojectflooring.nl\/wp-content\/uploads\/2026\/03\/LVT-lounge-1024x768.jpeg 1024w, https:\/\/dutchprojectflooring.nl\/wp-content\/uploads\/2026\/03\/LVT-lounge-300x225.jpeg 300w, https:\/\/dutchprojectflooring.nl\/wp-content\/uploads\/2026\/03\/LVT-lounge-768x576.jpeg 768w, https:\/\/dutchprojectflooring.nl\/wp-content\/uploads\/2026\/03\/LVT-lounge-1536x1152.jpeg 1536w, https:\/\/dutchprojectflooring.nl\/wp-content\/uploads\/2026\/03\/LVT-lounge.jpeg 1600w\" sizes=\"auto, (max-width: 1024px) 100vw, 1024px\" \/><figcaption class=\"wp-element-caption\">Coffee-bar<\/figcaption><\/figure>\n\n\n\n<figure class=\"wp-block-image size-large\"><img loading=\"lazy\" decoding=\"async\" width=\"1024\" height=\"768\" data-id=\"338\" src=\"https:\/\/dutchprojectflooring.nl\/wp-content\/uploads\/2026\/03\/custum-rug-1024x768.jpeg\" alt=\"\" class=\"wp-image-338\" srcset=\"https:\/\/dutchprojectflooring.nl\/wp-content\/uploads\/2026\/03\/custum-rug-1024x768.jpeg 1024w, https:\/\/dutchprojectflooring.nl\/wp-content\/uploads\/2026\/03\/custum-rug-300x225.jpeg 300w, https:\/\/dutchprojectflooring.nl\/wp-content\/uploads\/2026\/03\/custum-rug-768x576.jpeg 768w, https:\/\/dutchprojectflooring.nl\/wp-content\/uploads\/2026\/03\/custum-rug-1536x1152.jpeg 1536w, https:\/\/dutchprojectflooring.nl\/wp-content\/uploads\/2026\/03\/custum-rug.jpeg 1600w\" sizes=\"auto, (max-width: 1024px) 100vw, 1024px\" \/><figcaption class=\"wp-element-caption\">Custom-rugs<\/figcaption><\/figure>\n\n\n\n<figure class=\"wp-block-image size-large\"><img loading=\"lazy\" decoding=\"async\" width=\"768\" height=\"1024\" data-id=\"337\" src=\"https:\/\/dutchprojectflooring.nl\/wp-content\/uploads\/2026\/03\/hotel-room-carpet-768x1024.jpeg\" alt=\"Hotel room carpet flooring\" class=\"wp-image-337\" srcset=\"https:\/\/dutchprojectflooring.nl\/wp-content\/uploads\/2026\/03\/hotel-room-carpet-768x1024.jpeg 768w, https:\/\/dutchprojectflooring.nl\/wp-content\/uploads\/2026\/03\/hotel-room-carpet-225x300.jpeg 225w, https:\/\/dutchprojectflooring.nl\/wp-content\/uploads\/2026\/03\/hotel-room-carpet-1152x1536.jpeg 1152w, https:\/\/dutchprojectflooring.nl\/wp-content\/uploads\/2026\/03\/hotel-room-carpet.jpeg 1200w\" sizes=\"auto, (max-width: 768px) 100vw, 768px\" \/><figcaption class=\"wp-element-caption\">Hotelrooms<\/figcaption><\/figure>\n\n\n\n<figure class=\"wp-block-image size-large\"><img loading=\"lazy\" decoding=\"async\" width=\"768\" height=\"1024\" data-id=\"336\" src=\"https:\/\/dutchprojectflooring.nl\/wp-content\/uploads\/2026\/03\/hotel-corridor-and-rooms-carpet-1-768x1024.jpeg\" alt=\"\" class=\"wp-image-336\" srcset=\"https:\/\/dutchprojectflooring.nl\/wp-content\/uploads\/2026\/03\/hotel-corridor-and-rooms-carpet-1-768x1024.jpeg 768w, https:\/\/dutchprojectflooring.nl\/wp-content\/uploads\/2026\/03\/hotel-corridor-and-rooms-carpet-1-225x300.jpeg 225w, https:\/\/dutchprojectflooring.nl\/wp-content\/uploads\/2026\/03\/hotel-corridor-and-rooms-carpet-1-1152x1536.jpeg 1152w, https:\/\/dutchprojectflooring.nl\/wp-content\/uploads\/2026\/03\/hotel-corridor-and-rooms-carpet-1.jpeg 1200w\" sizes=\"auto, (max-width: 768px) 100vw, 768px\" \/><figcaption class=\"wp-element-caption\">Hotel corridor<\/figcaption><\/figure>\n\n\n\n<figure class=\"wp-block-image size-large\"><img loading=\"lazy\" decoding=\"async\" width=\"768\" height=\"1024\" data-id=\"298\" src=\"https:\/\/dutchprojectflooring.nl\/wp-content\/uploads\/2026\/03\/LVT-flooring-bar-1-768x1024.jpeg\" alt=\"\" class=\"wp-image-298\" srcset=\"https:\/\/dutchprojectflooring.nl\/wp-content\/uploads\/2026\/03\/LVT-flooring-bar-1-768x1024.jpeg 768w, https:\/\/dutchprojectflooring.nl\/wp-content\/uploads\/2026\/03\/LVT-flooring-bar-1-225x300.jpeg 225w, https:\/\/dutchprojectflooring.nl\/wp-content\/uploads\/2026\/03\/LVT-flooring-bar-1-1152x1536.jpeg 1152w, https:\/\/dutchprojectflooring.nl\/wp-content\/uploads\/2026\/03\/LVT-flooring-bar-1-9x12.jpeg 9w, https:\/\/dutchprojectflooring.nl\/wp-content\/uploads\/2026\/03\/LVT-flooring-bar-1.jpeg 1200w\" sizes=\"auto, (max-width: 768px) 100vw, 768px\" \/><figcaption class=\"wp-element-caption\">Bar with LVT<\/figcaption><\/figure>\n\n\n\n<figure class=\"wp-block-image size-large\"><img loading=\"lazy\" decoding=\"async\" width=\"768\" height=\"1024\" data-id=\"297\" src=\"https:\/\/dutchprojectflooring.nl\/wp-content\/uploads\/2026\/03\/custom-made-rug-768x1024.jpeg\" alt=\"\" class=\"wp-image-297\" srcset=\"https:\/\/dutchprojectflooring.nl\/wp-content\/uploads\/2026\/03\/custom-made-rug-768x1024.jpeg 768w, https:\/\/dutchprojectflooring.nl\/wp-content\/uploads\/2026\/03\/custom-made-rug-225x300.jpeg 225w, https:\/\/dutchprojectflooring.nl\/wp-content\/uploads\/2026\/03\/custom-made-rug-1152x1536.jpeg 1152w, https:\/\/dutchprojectflooring.nl\/wp-content\/uploads\/2026\/03\/custom-made-rug-9x12.jpeg 9w, https:\/\/dutchprojectflooring.nl\/wp-content\/uploads\/2026\/03\/custom-made-rug.jpeg 1200w\" sizes=\"auto, (max-width: 768px) 100vw, 768px\" \/><figcaption class=\"wp-element-caption\">Custom-rugs<\/figcaption><\/figure>\n\n\n\n<figure class=\"wp-block-image size-large\"><img loading=\"lazy\" decoding=\"async\" width=\"768\" height=\"1024\" data-id=\"295\" src=\"https:\/\/dutchprojectflooring.nl\/wp-content\/uploads\/2026\/03\/guest-cabin-ship-2-768x1024.jpeg\" alt=\"\" class=\"wp-image-295\" srcset=\"https:\/\/dutchprojectflooring.nl\/wp-content\/uploads\/2026\/03\/guest-cabin-ship-2-768x1024.jpeg 768w, https:\/\/dutchprojectflooring.nl\/wp-content\/uploads\/2026\/03\/guest-cabin-ship-2-225x300.jpeg 225w, https:\/\/dutchprojectflooring.nl\/wp-content\/uploads\/2026\/03\/guest-cabin-ship-2-1152x1536.jpeg 1152w, https:\/\/dutchprojectflooring.nl\/wp-content\/uploads\/2026\/03\/guest-cabin-ship-2-9x12.jpeg 9w, https:\/\/dutchprojectflooring.nl\/wp-content\/uploads\/2026\/03\/guest-cabin-ship-2.jpeg 1200w\" sizes=\"auto, (max-width: 768px) 100vw, 768px\" \/><figcaption class=\"wp-element-caption\">Hotel LVT &amp; Custom carpet<\/figcaption><\/figure>\n\n\n\n<figure class=\"wp-block-image size-large\"><img loading=\"lazy\" decoding=\"async\" width=\"1024\" height=\"768\" data-id=\"286\" src=\"https:\/\/dutchprojectflooring.nl\/wp-content\/uploads\/2026\/03\/LVT-flooring-gym-1024x768.jpeg\" alt=\"Fitness Flooring\" class=\"wp-image-286\" srcset=\"https:\/\/dutchprojectflooring.nl\/wp-content\/uploads\/2026\/03\/LVT-flooring-gym-1024x768.jpeg 1024w, https:\/\/dutchprojectflooring.nl\/wp-content\/uploads\/2026\/03\/LVT-flooring-gym-300x225.jpeg 300w, https:\/\/dutchprojectflooring.nl\/wp-content\/uploads\/2026\/03\/LVT-flooring-gym-768x576.jpeg 768w, https:\/\/dutchprojectflooring.nl\/wp-content\/uploads\/2026\/03\/LVT-flooring-gym-1536x1152.jpeg 1536w, https:\/\/dutchprojectflooring.nl\/wp-content\/uploads\/2026\/03\/LVT-flooring-gym-16x12.jpeg 16w, https:\/\/dutchprojectflooring.nl\/wp-content\/uploads\/2026\/03\/LVT-flooring-gym.jpeg 1600w\" sizes=\"auto, (max-width: 1024px) 100vw, 1024px\" \/><figcaption class=\"wp-element-caption\">Gym LVT flooring<\/figcaption><\/figure>\n\n\n\n<figure class=\"wp-block-image size-large\"><img loading=\"lazy\" decoding=\"async\" width=\"1024\" height=\"768\" data-id=\"234\" src=\"https:\/\/dutchprojectflooring.nl\/wp-content\/uploads\/2026\/03\/dutch-project-flooring-1-1024x768.jpeg\" alt=\"restaurant flooring\" class=\"wp-image-234\" srcset=\"https:\/\/dutchprojectflooring.nl\/wp-content\/uploads\/2026\/03\/dutch-project-flooring-1-1024x768.jpeg 1024w, https:\/\/dutchprojectflooring.nl\/wp-content\/uploads\/2026\/03\/dutch-project-flooring-1-300x225.jpeg 300w, https:\/\/dutchprojectflooring.nl\/wp-content\/uploads\/2026\/03\/dutch-project-flooring-1-768x576.jpeg 768w, https:\/\/dutchprojectflooring.nl\/wp-content\/uploads\/2026\/03\/dutch-project-flooring-1-1536x1152.jpeg 1536w, https:\/\/dutchprojectflooring.nl\/wp-content\/uploads\/2026\/03\/dutch-project-flooring-1-16x12.jpeg 16w, https:\/\/dutchprojectflooring.nl\/wp-content\/uploads\/2026\/03\/dutch-project-flooring-1.jpeg 1600w\" sizes=\"auto, (max-width: 1024px) 100vw, 1024px\" \/><figcaption class=\"wp-element-caption\">Restaurant with LVT &amp; carpet<\/figcaption><\/figure>\n\n\n\n<figure class=\"wp-block-image size-large\"><img loading=\"lazy\" decoding=\"async\" width=\"576\" height=\"1024\" data-id=\"203\" src=\"https:\/\/dutchprojectflooring.nl\/wp-content\/uploads\/2026\/03\/carpet-tiles-576x1024.jpeg\" alt=\"commercial carpet tiles\" class=\"wp-image-203\" srcset=\"https:\/\/dutchprojectflooring.nl\/wp-content\/uploads\/2026\/03\/carpet-tiles-576x1024.jpeg 576w, https:\/\/dutchprojectflooring.nl\/wp-content\/uploads\/2026\/03\/carpet-tiles-169x300.jpeg 169w, https:\/\/dutchprojectflooring.nl\/wp-content\/uploads\/2026\/03\/carpet-tiles-768x1365.jpeg 768w, https:\/\/dutchprojectflooring.nl\/wp-content\/uploads\/2026\/03\/carpet-tiles-864x1536.jpeg 864w, https:\/\/dutchprojectflooring.nl\/wp-content\/uploads\/2026\/03\/carpet-tiles-7x12.jpeg 7w, https:\/\/dutchprojectflooring.nl\/wp-content\/uploads\/2026\/03\/carpet-tiles.jpeg 900w\" sizes=\"auto, (max-width: 576px) 100vw, 576px\" \/><figcaption class=\"wp-element-caption\">Carpet tiles<\/figcaption><\/figure>\n\n\n\n<figure class=\"wp-block-image size-large\"><img loading=\"lazy\" decoding=\"async\" width=\"768\" height=\"1024\" data-id=\"104\" src=\"https:\/\/dutchprojectflooring.nl\/wp-content\/uploads\/2026\/03\/corridor-flooring-768x1024.jpeg\" alt=\"\" class=\"wp-image-104\" srcset=\"https:\/\/dutchprojectflooring.nl\/wp-content\/uploads\/2026\/03\/corridor-flooring-768x1024.jpeg 768w, https:\/\/dutchprojectflooring.nl\/wp-content\/uploads\/2026\/03\/corridor-flooring-225x300.jpeg 225w, https:\/\/dutchprojectflooring.nl\/wp-content\/uploads\/2026\/03\/corridor-flooring-1152x1536.jpeg 1152w, https:\/\/dutchprojectflooring.nl\/wp-content\/uploads\/2026\/03\/corridor-flooring.jpeg 1200w\" sizes=\"auto, (max-width: 768px) 100vw, 768px\" \/><figcaption class=\"wp-element-caption\">Hotel corridor<\/figcaption><\/figure>\n<\/figure>\n\n\n\n<p>Los proyectos comerciales requieren planificaci\u00f3n, precisi\u00f3n y minimizar los tiempos de inactividad.<br>Trabajamos de forma eficiente y ofrecemos instalaciones r\u00e1pidas cuando es necesario, incluso fuera del horario laboral habitual.<\/p>\n\n\n\n<figure class=\"wp-block-gallery has-nested-images columns-default is-cropped wp-block-gallery-2 is-layout-flex wp-block-gallery-is-layout-flex\">\n<figure class=\"wp-block-image size-large\"><img loading=\"lazy\" decoding=\"async\" width=\"1024\" height=\"768\" data-id=\"640\" src=\"https:\/\/dutchprojectflooring.nl\/wp-content\/uploads\/2026\/04\/egaliseren-plaza-diferente-1024x768.jpeg\" alt=\"\" class=\"wp-image-640\" srcset=\"https:\/\/dutchprojectflooring.nl\/wp-content\/uploads\/2026\/04\/egaliseren-plaza-diferente-1024x768.jpeg 1024w, https:\/\/dutchprojectflooring.nl\/wp-content\/uploads\/2026\/04\/egaliseren-plaza-diferente-300x225.jpeg 300w, https:\/\/dutchprojectflooring.nl\/wp-content\/uploads\/2026\/04\/egaliseren-plaza-diferente-768x576.jpeg 768w, https:\/\/dutchprojectflooring.nl\/wp-content\/uploads\/2026\/04\/egaliseren-plaza-diferente-1536x1152.jpeg 1536w, https:\/\/dutchprojectflooring.nl\/wp-content\/uploads\/2026\/04\/egaliseren-plaza-diferente-16x12.jpeg 16w, https:\/\/dutchprojectflooring.nl\/wp-content\/uploads\/2026\/04\/egaliseren-plaza-diferente.jpeg 1600w\" sizes=\"auto, (max-width: 1024px) 100vw, 1024px\" \/><figcaption class=\"wp-element-caption\">Subfloor<\/figcaption><\/figure>\n\n\n\n<figure class=\"wp-block-image size-large\"><img loading=\"lazy\" decoding=\"async\" width=\"1024\" height=\"768\" data-id=\"636\" src=\"https:\/\/dutchprojectflooring.nl\/wp-content\/uploads\/2026\/04\/egaline-bakker-1024x768.jpeg\" alt=\"\" class=\"wp-image-636\" srcset=\"https:\/\/dutchprojectflooring.nl\/wp-content\/uploads\/2026\/04\/egaline-bakker-1024x768.jpeg 1024w, https:\/\/dutchprojectflooring.nl\/wp-content\/uploads\/2026\/04\/egaline-bakker-300x225.jpeg 300w, https:\/\/dutchprojectflooring.nl\/wp-content\/uploads\/2026\/04\/egaline-bakker-768x576.jpeg 768w, https:\/\/dutchprojectflooring.nl\/wp-content\/uploads\/2026\/04\/egaline-bakker-1536x1152.jpeg 1536w, https:\/\/dutchprojectflooring.nl\/wp-content\/uploads\/2026\/04\/egaline-bakker-16x12.jpeg 16w, https:\/\/dutchprojectflooring.nl\/wp-content\/uploads\/2026\/04\/egaline-bakker.jpeg 1600w\" sizes=\"auto, (max-width: 1024px) 100vw, 1024px\" \/><figcaption class=\"wp-element-caption\">Levelling with fast-drying compound<\/figcaption><\/figure>\n\n\n\n<figure class=\"wp-block-image size-large\"><img loading=\"lazy\" decoding=\"async\" width=\"1024\" height=\"768\" data-id=\"637\" src=\"https:\/\/dutchprojectflooring.nl\/wp-content\/uploads\/2026\/04\/bakker-egaliseren-1024x768.jpeg\" alt=\"\" class=\"wp-image-637\" srcset=\"https:\/\/dutchprojectflooring.nl\/wp-content\/uploads\/2026\/04\/bakker-egaliseren-1024x768.jpeg 1024w, https:\/\/dutchprojectflooring.nl\/wp-content\/uploads\/2026\/04\/bakker-egaliseren-300x225.jpeg 300w, https:\/\/dutchprojectflooring.nl\/wp-content\/uploads\/2026\/04\/bakker-egaliseren-768x576.jpeg 768w, https:\/\/dutchprojectflooring.nl\/wp-content\/uploads\/2026\/04\/bakker-egaliseren-1536x1152.jpeg 1536w, https:\/\/dutchprojectflooring.nl\/wp-content\/uploads\/2026\/04\/bakker-egaliseren-16x12.jpeg 16w, https:\/\/dutchprojectflooring.nl\/wp-content\/uploads\/2026\/04\/bakker-egaliseren.jpeg 1600w\" sizes=\"auto, (max-width: 1024px) 100vw, 1024px\" \/><\/figure>\n\n\n\n<figure class=\"wp-block-image size-large\"><img loading=\"lazy\" decoding=\"async\" width=\"1024\" height=\"768\" data-id=\"639\" src=\"https:\/\/dutchprojectflooring.nl\/wp-content\/uploads\/2026\/04\/bakker-pvc-nacht-1024x768.jpeg\" alt=\"\" class=\"wp-image-639\" srcset=\"https:\/\/dutchprojectflooring.nl\/wp-content\/uploads\/2026\/04\/bakker-pvc-nacht-1024x768.jpeg 1024w, https:\/\/dutchprojectflooring.nl\/wp-content\/uploads\/2026\/04\/bakker-pvc-nacht-300x225.jpeg 300w, https:\/\/dutchprojectflooring.nl\/wp-content\/uploads\/2026\/04\/bakker-pvc-nacht-768x576.jpeg 768w, https:\/\/dutchprojectflooring.nl\/wp-content\/uploads\/2026\/04\/bakker-pvc-nacht-1536x1152.jpeg 1536w, https:\/\/dutchprojectflooring.nl\/wp-content\/uploads\/2026\/04\/bakker-pvc-nacht-16x12.jpeg 16w, https:\/\/dutchprojectflooring.nl\/wp-content\/uploads\/2026\/04\/bakker-pvc-nacht.jpeg 1600w\" sizes=\"auto, (max-width: 1024px) 100vw, 1024px\" \/><\/figure>\n\n\n\n<figure class=\"wp-block-image size-large\"><img loading=\"lazy\" decoding=\"async\" width=\"1024\" height=\"768\" data-id=\"641\" src=\"https:\/\/dutchprojectflooring.nl\/wp-content\/uploads\/2026\/04\/plaza-diferente-pvc-1024x768.jpeg\" alt=\"\" class=\"wp-image-641\" srcset=\"https:\/\/dutchprojectflooring.nl\/wp-content\/uploads\/2026\/04\/plaza-diferente-pvc-1024x768.jpeg 1024w, https:\/\/dutchprojectflooring.nl\/wp-content\/uploads\/2026\/04\/plaza-diferente-pvc-300x225.jpeg 300w, https:\/\/dutchprojectflooring.nl\/wp-content\/uploads\/2026\/04\/plaza-diferente-pvc-768x576.jpeg 768w, https:\/\/dutchprojectflooring.nl\/wp-content\/uploads\/2026\/04\/plaza-diferente-pvc-1536x1152.jpeg 1536w, https:\/\/dutchprojectflooring.nl\/wp-content\/uploads\/2026\/04\/plaza-diferente-pvc-16x12.jpeg 16w, https:\/\/dutchprojectflooring.nl\/wp-content\/uploads\/2026\/04\/plaza-diferente-pvc.jpeg 1600w\" sizes=\"auto, (max-width: 1024px) 100vw, 1024px\" \/><\/figure>\n\n\n\n<figure class=\"wp-block-image size-large\"><img loading=\"lazy\" decoding=\"async\" width=\"768\" height=\"1024\" data-id=\"643\" src=\"https:\/\/dutchprojectflooring.nl\/wp-content\/uploads\/2026\/04\/pvc-bakker-768x1024.jpeg\" alt=\"\" class=\"wp-image-643\" srcset=\"https:\/\/dutchprojectflooring.nl\/wp-content\/uploads\/2026\/04\/pvc-bakker-768x1024.jpeg 768w, https:\/\/dutchprojectflooring.nl\/wp-content\/uploads\/2026\/04\/pvc-bakker-225x300.jpeg 225w, https:\/\/dutchprojectflooring.nl\/wp-content\/uploads\/2026\/04\/pvc-bakker-1152x1536.jpeg 1152w, https:\/\/dutchprojectflooring.nl\/wp-content\/uploads\/2026\/04\/pvc-bakker-9x12.jpeg 9w, https:\/\/dutchprojectflooring.nl\/wp-content\/uploads\/2026\/04\/pvc-bakker.jpeg 1200w\" sizes=\"auto, (max-width: 768px) 100vw, 768px\" \/><\/figure>\n\n\n\n<figure class=\"wp-block-image size-large\"><img loading=\"lazy\" decoding=\"async\" width=\"1024\" height=\"768\" data-id=\"642\" src=\"https:\/\/dutchprojectflooring.nl\/wp-content\/uploads\/2026\/04\/pvc-plaza-diferente-1024x768.jpeg\" alt=\"\" class=\"wp-image-642\" srcset=\"https:\/\/dutchprojectflooring.nl\/wp-content\/uploads\/2026\/04\/pvc-plaza-diferente-1024x768.jpeg 1024w, https:\/\/dutchprojectflooring.nl\/wp-content\/uploads\/2026\/04\/pvc-plaza-diferente-300x225.jpeg 300w, https:\/\/dutchprojectflooring.nl\/wp-content\/uploads\/2026\/04\/pvc-plaza-diferente-768x576.jpeg 768w, https:\/\/dutchprojectflooring.nl\/wp-content\/uploads\/2026\/04\/pvc-plaza-diferente-1536x1152.jpeg 1536w, https:\/\/dutchprojectflooring.nl\/wp-content\/uploads\/2026\/04\/pvc-plaza-diferente-16x12.jpeg 16w, https:\/\/dutchprojectflooring.nl\/wp-content\/uploads\/2026\/04\/pvc-plaza-diferente.jpeg 1600w\" sizes=\"auto, (max-width: 1024px) 100vw, 1024px\" \/><figcaption class=\"wp-element-caption\">Ready for business within 12 hours<\/figcaption><\/figure>\n\n\n\n<figure class=\"wp-block-image size-large\"><img loading=\"lazy\" decoding=\"async\" width=\"1024\" height=\"768\" data-id=\"638\" src=\"https:\/\/dutchprojectflooring.nl\/wp-content\/uploads\/2026\/04\/plaza-diferente-1024x768.jpeg\" alt=\"\" class=\"wp-image-638\" srcset=\"https:\/\/dutchprojectflooring.nl\/wp-content\/uploads\/2026\/04\/plaza-diferente-1024x768.jpeg 1024w, https:\/\/dutchprojectflooring.nl\/wp-content\/uploads\/2026\/04\/plaza-diferente-300x225.jpeg 300w, https:\/\/dutchprojectflooring.nl\/wp-content\/uploads\/2026\/04\/plaza-diferente-768x576.jpeg 768w, https:\/\/dutchprojectflooring.nl\/wp-content\/uploads\/2026\/04\/plaza-diferente-1536x1152.jpeg 1536w, https:\/\/dutchprojectflooring.nl\/wp-content\/uploads\/2026\/04\/plaza-diferente-16x12.jpeg 16w, https:\/\/dutchprojectflooring.nl\/wp-content\/uploads\/2026\/04\/plaza-diferente.jpeg 1600w\" sizes=\"auto, (max-width: 1024px) 100vw, 1024px\" \/><figcaption class=\"wp-element-caption\">Just 12 hours, levelling and installation of LVT flooring<\/figcaption><\/figure>\n<\/figure>\n\n\n\n<p>Instalaci\u00f3n sobre baldosas irregulares en una panader\u00eda en funcionamiento<br>Preparaci\u00f3n completa, nivelaci\u00f3n e instalaci\u00f3n de PVC realizadas en una sola noche, listo para uso inmediato<\/p>\n\n\n\n<p><\/p>\n\n\n\n<p class=\"has-text-align-center\">\u00bfTiene un proyecto? Cont\u00e1ctenos para asesoramiento y un presupuesto r\u00e1pido.<\/p>\n\n\n\n<p class=\"has-text-align-center\"><a href=\"tel:+34665446043\">Ll\u00e1menos: +34 665 446 043<\/a><br><br><a href=\"https:\/\/wa.me\/34665446043?text=Hello%20I%20have%20a%20project%20in%20Spain\">O escr\u00edbanos directamente por WhatsApp<\/a><\/p>\n\n\n\n<p><\/p>","protected":false},"excerpt":{"rendered":"<p>We deliver durable and efficient flooring and interior solutions for commercial environments.From shops and offices to high-traffic spaces, we focus on speed, reliability and long-term performance. Commercial projects require planning, [&hellip;]<\/p>\n","protected":false},"author":1,"featured_media":0,"parent":0,"menu_order":0,"comment_status":"closed","ping_status":"closed","template":"","meta":{"footnotes":""},"class_list":["post-635","page","type-page","status-publish","hentry"],"blocksy_meta":[],"_links":{"self":[{"href":"https:\/\/dutchprojectflooring.nl\/es\/wp-json\/wp\/v2\/pages\/635","targetHints":{"allow":["GET"]}}],"collection":[{"href":"https:\/\/dutchprojectflooring.nl\/es\/wp-json\/wp\/v2\/pages"}],"about":[{"href":"https:\/\/dutchprojectflooring.nl\/es\/wp-json\/wp\/v2\/types\/page"}],"author":[{"embeddable":true,"href":"https:\/\/dutchprojectflooring.nl\/es\/wp-json\/wp\/v2\/users\/1"}],"replies":[{"embeddable":true,"href":"https:\/\/dutchprojectflooring.nl\/es\/wp-json\/wp\/v2\/comments?post=635"}],"version-history":[{"count":6,"href":"https:\/\/dutchprojectflooring.nl\/es\/wp-json\/wp\/v2\/pages\/635\/revisions"}],"predecessor-version":[{"id":686,"href":"https:\/\/dutchprojectflooring.nl\/es\/wp-json\/wp\/v2\/pages\/635\/revisions\/686"}],"wp:attachment":[{"href":"https:\/\/dutchprojectflooring.nl\/es\/wp-json\/wp\/v2\/media?parent=635"}],"curies":[{"name":"wp","href":"https:\/\/api.w.org\/{rel}","templated":true}]}}