{"id":190,"date":"2026-03-07T20:19:20","date_gmt":"2026-03-07T20:19:20","guid":{"rendered":"https:\/\/dutchprojectflooring.nl\/?page_id=190"},"modified":"2026-04-03T14:00:46","modified_gmt":"2026-04-03T14:00:46","slug":"cruise-ship-flooring-installation","status":"publish","type":"page","link":"https:\/\/dutchprojectflooring.nl\/es\/cruise-ship-flooring-installation\/","title":{"rendered":"Sistemas de Suelos para Cruceros"},"content":{"rendered":"<h2 class=\"wp-block-heading has-text-align-center\">Sistemas de suelos mar\u00edtimos para buques de pasajeros<\/h2>\n\n\n\n<p class=\"has-text-align-center\">Dutch Project Flooring instala una amplia gama de&nbsp;<strong>sistemas de suelos para interiores de cruceros y buques de pasajeros<\/strong>Nuestros equipos trabajan con materiales de pavimento utilizados en barcos de pasajeros, ferris y entornos de hospitality mar\u00edtimo.<\/p>\n\n\n\n<p class=\"has-text-align-center\">Instalamos suelos tanto en \u00e1reas de pasajeros como en zonas operativas a bordo.<\/p>\n\n\n\n<p class=\"has-text-align-center\">Los sistemas de suelos que instalamos incluyen:<\/p>\n\n\n\n<p class=\"has-text-align-center\">Suelos LVT\/SPC\/PVC comerciales para \u00e1reas de pasajeros<br>Instalaciones de moqueta mar\u00edtima para cabinas y pasillos<br>Sistemas de suelos de lin\u00f3leo para interiores de alto uso<br>Sistemas de pavimento para corredores con dise\u00f1os de moqueta personalizados<br>Sistemas de suelos t\u00e9cnicos para \u00e1reas de servicio<br>Sistemas de pavimento para puente de mando y salas de navegaci\u00f3n<br>Sistemas de pavimento para cubiertas exteriores<\/p>\n\n\n\n<p class=\"has-text-align-center\">Cada \u00e1rea de un crucero o buque de pasajeros requiere soluciones espec\u00edficas de pavimento seg\u00fan los requisitos de seguridad, la durabilidad y el uso operativo.<\/p>\n\n\n\n<figure class=\"wp-block-gallery has-nested-images columns-default is-cropped wp-block-gallery-1 is-layout-flex wp-block-gallery-is-layout-flex\">\n<figure class=\"wp-block-image size-large\"><img loading=\"lazy\" decoding=\"async\" width=\"768\" height=\"1024\" data-id=\"292\" src=\"https:\/\/dutchprojectflooring.nl\/wp-content\/uploads\/2026\/03\/carpet-tiles-cruise-ship-restaurant-1-768x1024.jpeg\" alt=\"\" class=\"wp-image-292\" srcset=\"https:\/\/dutchprojectflooring.nl\/wp-content\/uploads\/2026\/03\/carpet-tiles-cruise-ship-restaurant-1-768x1024.jpeg 768w, https:\/\/dutchprojectflooring.nl\/wp-content\/uploads\/2026\/03\/carpet-tiles-cruise-ship-restaurant-1-225x300.jpeg 225w, https:\/\/dutchprojectflooring.nl\/wp-content\/uploads\/2026\/03\/carpet-tiles-cruise-ship-restaurant-1-1152x1536.jpeg 1152w, https:\/\/dutchprojectflooring.nl\/wp-content\/uploads\/2026\/03\/carpet-tiles-cruise-ship-restaurant-1-9x12.jpeg 9w, https:\/\/dutchprojectflooring.nl\/wp-content\/uploads\/2026\/03\/carpet-tiles-cruise-ship-restaurant-1.jpeg 1200w\" sizes=\"auto, (max-width: 768px) 100vw, 768px\" \/><\/figure>\n\n\n\n<figure class=\"wp-block-image size-large\"><img loading=\"lazy\" decoding=\"async\" width=\"768\" height=\"1024\" data-id=\"290\" src=\"https:\/\/dutchprojectflooring.nl\/wp-content\/uploads\/2026\/03\/carpet-flooring-cruiseship-finished-768x1024.jpeg\" alt=\"\" class=\"wp-image-290\" srcset=\"https:\/\/dutchprojectflooring.nl\/wp-content\/uploads\/2026\/03\/carpet-flooring-cruiseship-finished-768x1024.jpeg 768w, https:\/\/dutchprojectflooring.nl\/wp-content\/uploads\/2026\/03\/carpet-flooring-cruiseship-finished-225x300.jpeg 225w, https:\/\/dutchprojectflooring.nl\/wp-content\/uploads\/2026\/03\/carpet-flooring-cruiseship-finished-1152x1536.jpeg 1152w, https:\/\/dutchprojectflooring.nl\/wp-content\/uploads\/2026\/03\/carpet-flooring-cruiseship-finished-9x12.jpeg 9w, https:\/\/dutchprojectflooring.nl\/wp-content\/uploads\/2026\/03\/carpet-flooring-cruiseship-finished.jpeg 1200w\" sizes=\"auto, (max-width: 768px) 100vw, 768px\" \/><\/figure>\n<\/figure>\n\n\n\n<hr class=\"wp-block-separator has-alpha-channel-opacity is-style-default\"\/>\n\n\n\n<h2 class=\"wp-block-heading has-text-align-center\">\u00c1reas donde instalamos suelos<\/h2>\n\n\n\n<p class=\"has-text-align-center\">Our teams install flooring systems in many different areas on board cruise ships and passenger vessels, including:<\/p>\n\n\n\n<p class=\"has-text-align-center\">cabinas de pasajeros<br>pasillos y corredores del barco<br>restaurantes y espacios de hospitality<br>zonas lounge y de entretenimiento<br>\u00e1reas de alojamiento de la tripulaci\u00f3n<br>puente de mando y salas de navegaci\u00f3n<br>\u00e1reas t\u00e9cnicas y de servicio<br>zonas de cubiertas exteriores<\/p>\n\n\n\n<p class=\"has-text-align-center\">Nuestros equipos de instalaci\u00f3n trabajan con precisi\u00f3n y una planificaci\u00f3n cuidadosa en entornos donde la durabilidad, la seguridad y una instalaci\u00f3n eficiente son esenciales.<\/p>\n\n\n\n<figure class=\"wp-block-gallery has-nested-images columns-default is-cropped wp-block-gallery-2 is-layout-flex wp-block-gallery-is-layout-flex\">\n<figure class=\"wp-block-image size-large\"><img loading=\"lazy\" decoding=\"async\" width=\"768\" height=\"1024\" data-id=\"298\" src=\"https:\/\/dutchprojectflooring.nl\/wp-content\/uploads\/2026\/03\/LVT-flooring-bar-1-768x1024.jpeg\" alt=\"\" class=\"wp-image-298\" srcset=\"https:\/\/dutchprojectflooring.nl\/wp-content\/uploads\/2026\/03\/LVT-flooring-bar-1-768x1024.jpeg 768w, https:\/\/dutchprojectflooring.nl\/wp-content\/uploads\/2026\/03\/LVT-flooring-bar-1-225x300.jpeg 225w, https:\/\/dutchprojectflooring.nl\/wp-content\/uploads\/2026\/03\/LVT-flooring-bar-1-1152x1536.jpeg 1152w, https:\/\/dutchprojectflooring.nl\/wp-content\/uploads\/2026\/03\/LVT-flooring-bar-1-9x12.jpeg 9w, https:\/\/dutchprojectflooring.nl\/wp-content\/uploads\/2026\/03\/LVT-flooring-bar-1.jpeg 1200w\" sizes=\"auto, (max-width: 768px) 100vw, 768px\" \/><\/figure>\n\n\n\n<figure class=\"wp-block-image size-large\"><img loading=\"lazy\" decoding=\"async\" width=\"1024\" height=\"768\" data-id=\"309\" src=\"https:\/\/dutchprojectflooring.nl\/wp-content\/uploads\/2026\/03\/vinyl-flooring-tech-1024x768.jpeg\" alt=\"\" class=\"wp-image-309\" srcset=\"https:\/\/dutchprojectflooring.nl\/wp-content\/uploads\/2026\/03\/vinyl-flooring-tech-1024x768.jpeg 1024w, https:\/\/dutchprojectflooring.nl\/wp-content\/uploads\/2026\/03\/vinyl-flooring-tech-300x225.jpeg 300w, https:\/\/dutchprojectflooring.nl\/wp-content\/uploads\/2026\/03\/vinyl-flooring-tech-768x576.jpeg 768w, https:\/\/dutchprojectflooring.nl\/wp-content\/uploads\/2026\/03\/vinyl-flooring-tech-1536x1152.jpeg 1536w, https:\/\/dutchprojectflooring.nl\/wp-content\/uploads\/2026\/03\/vinyl-flooring-tech-16x12.jpeg 16w, https:\/\/dutchprojectflooring.nl\/wp-content\/uploads\/2026\/03\/vinyl-flooring-tech.jpeg 1600w\" sizes=\"auto, (max-width: 1024px) 100vw, 1024px\" \/><\/figure>\n<\/figure>\n\n\n\n<hr class=\"wp-block-separator has-alpha-channel-opacity is-style-default\"\/>\n\n\n\n<h2 class=\"wp-block-heading has-text-align-center\">Instalaciones de moqueta personalizada y dise\u00f1os con patr\u00f3n<\/h2>\n\n\n\n<p class=\"has-text-align-center\">Los interiores de los cruceros suelen incluir&nbsp;<strong>dise\u00f1os de moqueta personalizados y moquetas con patr\u00f3n para pasillos<\/strong>&nbsp;creadas espec\u00edficamente para entornos de hospitality.<\/p>\n\n\n\n<p class=\"has-text-align-center\">Nuestros equipos instalan moquetas con dise\u00f1os y patrones cuidando la alineaci\u00f3n precisa y el acabado de las juntas en grandes pasillos, lounges y espacios p\u00fablicos a bordo de cruceros.<\/p>\n\n\n\n<p class=\"has-text-align-center\">La correcta coincidencia del patr\u00f3n y los detalles de acabado son esenciales para lograr un resultado de alta calidad en grandes interiores mar\u00edtimos.<\/p>\n\n\n\n<figure class=\"wp-block-image aligncenter size-large\"><img loading=\"lazy\" decoding=\"async\" width=\"768\" height=\"1024\" src=\"https:\/\/dutchprojectflooring.nl\/wp-content\/uploads\/2026\/03\/corridor-flooring-1-768x1024.jpeg\" alt=\"cruise ship corridor carpet flooring\" class=\"wp-image-244\" srcset=\"https:\/\/dutchprojectflooring.nl\/wp-content\/uploads\/2026\/03\/corridor-flooring-1-768x1024.jpeg 768w, https:\/\/dutchprojectflooring.nl\/wp-content\/uploads\/2026\/03\/corridor-flooring-1-225x300.jpeg 225w, https:\/\/dutchprojectflooring.nl\/wp-content\/uploads\/2026\/03\/corridor-flooring-1-1152x1536.jpeg 1152w, https:\/\/dutchprojectflooring.nl\/wp-content\/uploads\/2026\/03\/corridor-flooring-1-9x12.jpeg 9w, https:\/\/dutchprojectflooring.nl\/wp-content\/uploads\/2026\/03\/corridor-flooring-1.jpeg 1200w\" sizes=\"auto, (max-width: 768px) 100vw, 768px\" \/><\/figure>\n\n\n\n<hr class=\"wp-block-separator has-alpha-channel-opacity is-style-default\"\/>\n\n\n\n<h2 class=\"wp-block-heading has-text-align-center\">Equipos de instalaci\u00f3n internacionales<\/h2>\n\n\n\n<p class=\"has-text-align-center\">Dutch Project Flooring trabaja con equipos experimentados de instalaci\u00f3n de suelos que viajan internacionalmente para proyectos de instalaci\u00f3n de&nbsp;<strong>suelos en cruceros y proyectos de interiores en buques de pasajeros<\/strong>.<\/p>\n\n\n\n<p class=\"has-text-align-center\">Nuestros equipos est\u00e1n acostumbrados a trabajar en proyectos de refit mar\u00edtimo y nuevas instalaciones de interiores donde la coordinaci\u00f3n, la planificaci\u00f3n y la eficiencia son fundamentales.<\/p>\n\n\n\n<hr class=\"wp-block-separator has-alpha-channel-opacity is-style-default\"\/>\n\n\n\n<h2 class=\"wp-block-heading has-text-align-center\">Hablar sobre su proyecto<\/h2>\n\n\n\n<p class=\"has-text-align-center\">\u00bfTiene un proyecto? Cont\u00e1ctenos para asesoramiento y un presupuesto r\u00e1pido.<\/p>\n\n\n\n<p class=\"has-text-align-center\"><a href=\"tel:+34665446043\">Ll\u00e1menos: +34 665 446 043<\/a><br><br><a href=\"https:\/\/wa.me\/34665446043?text=Hello%20I%20have%20a%20project%20in%20Spain\">O escr\u00edbanos directamente por WhatsApp<\/a><\/p>\n\n\n\n<hr class=\"wp-block-separator has-alpha-channel-opacity is-style-default\"\/>\n\n\n\n<h3 class=\"wp-block-heading has-text-align-center\">Servicios de Instalaci\u00f3n de Suelos para Proyectos<\/h3>\n\n\n\n<p class=\"has-text-align-center\"><strong>Dutch Project Flooring<\/strong> ofrece instalaci\u00f3n profesional de suelos para entornos comerciales, hospitality y mar\u00edtimos en toda Europa.<\/p>\n\n\n\n<p class=\"has-text-align-center\">Nuestros equipos trabajan en hoteles, cruceros, promociones de apartamentos y grandes interiores comerciales donde la durabilidad, la precisi\u00f3n y una planificaci\u00f3n fiable son esenciales.<\/p>\n\n\n\n<p class=\"has-text-align-center\">Descubra nuestros servicios especializados de instalaci\u00f3n de suelos:<\/p>\n\n\n\n<p class=\"has-text-align-center\">\u2022 <strong><a href=\"https:\/\/dutchprojectflooring.nl\/es\/flooring-contractor-costa-blanca\/\" data-type=\"page\" data-id=\"483\">Empresa de instalaci\u00f3n de suelos en la Costa Blanca<\/a><\/strong>&nbsp;instalaci\u00f3n profesional de suelos para promociones de apartamentos, hoteles y proyectos comerciales en toda la Costa Blanca.<br>\u2022 <strong><a href=\"https:\/\/dutchprojectflooring.nl\/es\/flooring-installation-for-apartment-developments\/\" data-type=\"page\" data-id=\"389\">Instalaci\u00f3n de Suelos para Promociones de Apartamentos<\/a><\/strong> instalaciones a gran escala para proyectos residenciales de obra nueva<br>\u2022&nbsp;<strong><a href=\"https:\/\/dutchprojectflooring.nl\/es\/commercial-lvt-flooring-installation\/\" data-type=\"page\" data-id=\"194\">Instalaci\u00f3n de Suelos LVT Comerciales<\/a><\/strong>&nbsp;suelos SPC \/ PVC \/ LVT duraderos para entornos de alto tr\u00e1nsito<br>\u2022 <strong><a href=\"https:\/\/dutchprojectflooring.nl\/es\/commercial-flooring-contractors-spain\/\" data-type=\"page\" data-id=\"391\">Contratistas de Suelos Comerciales en Espa\u00f1a<\/a><\/strong> equipos especializados en instalaci\u00f3n para proyectos comerciales y hospitality<br>\u2022&nbsp;<strong><a href=\"https:\/\/dutchprojectflooring.nl\/es\/hotel-flooring-installation\/\" data-type=\"page\" data-id=\"192\">Instalaci\u00f3n de Suelos para Hoteles<\/a><\/strong>&nbsp;soluciones de suelos para hoteles, resorts y proyectos de hospitality<br>\u2022 <strong><a href=\"https:\/\/dutchprojectflooring.nl\/es\/hotel-flooring-contractors\/\" data-type=\"page\" data-id=\"393\">Contratistas de Suelos para Hoteles<\/a><\/strong> especialistas en suelos para habitaciones, pasillos y zonas comunes<br>\u2022&nbsp;<strong><a href=\"https:\/\/dutchprojectflooring.nl\/es\/carpet-carpet-tile-installation\/\" data-type=\"page\" data-id=\"201\">Instalaci\u00f3n de Moqueta y Losetas de Moqueta<\/a><\/strong>&nbsp;para espacios comerciales y hospitality<br>\u2022&nbsp;<strong><a href=\"https:\/\/dutchprojectflooring.nl\/es\/outdoor-deck-systems\/\" data-type=\"page\" data-id=\"209\">Sistemas de cubiertas exteriores<\/a><\/strong>&nbsp;instalaciones de c\u00e9sped artificial para cubiertas de cruceros y terrazas<br>\u2022&nbsp;<strong><a href=\"https:\/\/dutchprojectflooring.nl\/es\/marine-flooring-contractors\/\" data-type=\"page\" data-id=\"187\">Contratistas de Suelos Mar\u00edtimos<\/a><\/strong>&nbsp;sistemas de suelos para cruceros y buques de pasajeros<br>\u2022 <strong><a href=\"https:\/\/dutchprojectflooring.nl\/es\/cruise-ship-flooring-installation-2\/\" data-type=\"page\" data-id=\"371\">Instalaci\u00f3n de Suelos para Cruceros<\/a><\/strong> \u2013 instalaci\u00f3n profesional en buques de pasajeros<br>\u2022 <strong><a href=\"https:\/\/dutchprojectflooring.nl\/es\/cruise-ship-refit-flooring-installation\/\" data-type=\"page\" data-id=\"387\">Renovaci\u00f3n de Suelos en Cruceros (Refit)<\/a><\/strong> retirada e instalaci\u00f3n de nuevos sistemas de suelos durante periodos de refit y dique seco<br><strong>\u2022<\/strong> <strong><a href=\"https:\/\/dutchprojectflooring.nl\/es\/cruise-ship-flooring-installation\/\" data-type=\"page\" data-id=\"190\">Sistemas de Suelos para Cruceros<\/a> \u2013<\/strong>&nbsp;sistemas de suelos marinos duraderos para cruceros, incluyendo moqueta, vinilo, LVT y suelos para cubiertas exteriores utilizados en zonas de pasajeros y espacios t\u00e9cnicos.<br>\u2022&nbsp;<strong><a href=\"https:\/\/dutchprojectflooring.nl\/es\/projecten\/\" data-type=\"page\" data-id=\"18\">Nuestros proyectos<\/a><\/strong>&nbsp;\u2013 ejemplos de instalaciones de suelos realizadas.<\/p>\n\n\n\n<p class=\"has-text-align-center\">Para consultas sobre proyectos o posibles colaboraciones, no dude en ponerse en contacto con nuestro equipo <a href=\"https:\/\/dutchprojectflooring.nl\/es\/contact\/\" data-type=\"page\" data-id=\"10\">contacte<\/a> con nuestro equipo<\/p>\n\n\n\n<figure class=\"wp-block-image aligncenter size-full\"><a href=\"https:\/\/dutchprojectflooring.nl\/es\/\"><img loading=\"lazy\" decoding=\"async\" width=\"500\" height=\"500\" src=\"https:\/\/dutchprojectflooring.nl\/wp-content\/uploads\/2026\/03\/dutch-project-flooring-logo-500x500-1.png\" alt=\"Dutch Project Flooring\" class=\"wp-image-419\" srcset=\"https:\/\/dutchprojectflooring.nl\/wp-content\/uploads\/2026\/03\/dutch-project-flooring-logo-500x500-1.png 500w, https:\/\/dutchprojectflooring.nl\/wp-content\/uploads\/2026\/03\/dutch-project-flooring-logo-500x500-1-300x300.png 300w, https:\/\/dutchprojectflooring.nl\/wp-content\/uploads\/2026\/03\/dutch-project-flooring-logo-500x500-1-150x150.png 150w\" sizes=\"auto, (max-width: 500px) 100vw, 500px\" \/><\/a><\/figure>\n\n\n\n<p class=\"has-text-align-center translation-block\">Dutch Project Flooring es la divisi\u00f3n de proyectos de Port of Altea, un showroom familiar especializado en suelos e interiores ubicado en Altea, en la Costa Blanca, Espa\u00f1a.<\/p>","protected":false},"excerpt":{"rendered":"<p>Marine Flooring Systems for Passenger Vessels Dutch Project Flooring installs a wide range of&nbsp;flooring systems for cruise ship interiors and passenger vessels. Our teams work with flooring materials used throughout [&hellip;]<\/p>\n","protected":false},"author":1,"featured_media":0,"parent":0,"menu_order":0,"comment_status":"closed","ping_status":"closed","template":"","meta":{"footnotes":""},"class_list":["post-190","page","type-page","status-publish","hentry"],"blocksy_meta":[],"_links":{"self":[{"href":"https:\/\/dutchprojectflooring.nl\/es\/wp-json\/wp\/v2\/pages\/190","targetHints":{"allow":["GET"]}}],"collection":[{"href":"https:\/\/dutchprojectflooring.nl\/es\/wp-json\/wp\/v2\/pages"}],"about":[{"href":"https:\/\/dutchprojectflooring.nl\/es\/wp-json\/wp\/v2\/types\/page"}],"author":[{"embeddable":true,"href":"https:\/\/dutchprojectflooring.nl\/es\/wp-json\/wp\/v2\/users\/1"}],"replies":[{"embeddable":true,"href":"https:\/\/dutchprojectflooring.nl\/es\/wp-json\/wp\/v2\/comments?post=190"}],"version-history":[{"count":14,"href":"https:\/\/dutchprojectflooring.nl\/es\/wp-json\/wp\/v2\/pages\/190\/revisions"}],"predecessor-version":[{"id":672,"href":"https:\/\/dutchprojectflooring.nl\/es\/wp-json\/wp\/v2\/pages\/190\/revisions\/672"}],"wp:attachment":[{"href":"https:\/\/dutchprojectflooring.nl\/es\/wp-json\/wp\/v2\/media?parent=190"}],"curies":[{"name":"wp","href":"https:\/\/api.w.org\/{rel}","templated":true}]}}