{"id":187,"date":"2026-03-07T20:16:33","date_gmt":"2026-03-07T20:16:33","guid":{"rendered":"https:\/\/dutchprojectflooring.nl\/?page_id=187"},"modified":"2026-04-03T14:02:45","modified_gmt":"2026-04-03T14:02:45","slug":"marine-flooring-contractors","status":"publish","type":"page","link":"https:\/\/dutchprojectflooring.nl\/es\/marine-flooring-contractors\/","title":{"rendered":"Contratistas de Suelos Mar\u00edtimos"},"content":{"rendered":"<h2 class=\"wp-block-heading has-text-align-center\">Instalaci\u00f3n profesional de suelos mar\u00edtimos y para cruceros<\/h2>\n\n\n\n<p class=\"has-text-align-center\">Dutch Project Flooring est\u00e1 especializado en la instalaci\u00f3n profesional de suelos mar\u00edtimos para cruceros, buques de pasajeros e interiores mar\u00edtimos. Nuestros equipos de instalaci\u00f3n trabajan en proyectos de interiores marinos donde la durabilidad, la seguridad y una instalaci\u00f3n precisa son esenciales.<\/p>\n\n\n\n<p class=\"has-text-align-center\">Los entornos mar\u00edtimos requieren sistemas de pavimento que cumplan estrictos est\u00e1ndares de durabilidad, seguridad y rendimiento a largo plazo. Nuestros equipos trabajan en proyectos donde la precisi\u00f3n, la planificaci\u00f3n y la coordinaci\u00f3n son fundamentales.<\/p>\n\n\n\n<p class=\"has-text-align-center\">Ofrecemos instalaci\u00f3n de suelos para&nbsp;<strong>proyectos de interiores mar\u00edtimos, refits de cruceros y renovaciones de buques de pasajeros<\/strong> en toda Europa y a nivel internacional.<\/p>\n\n\n\n<figure class=\"wp-block-image aligncenter size-large\"><img loading=\"lazy\" decoding=\"async\" width=\"1024\" height=\"768\" src=\"https:\/\/dutchprojectflooring.nl\/wp-content\/uploads\/2026\/03\/dutch-project-flooring-1-1024x768.jpeg\" alt=\"Dutch Project Flooring\" class=\"wp-image-234\" srcset=\"https:\/\/dutchprojectflooring.nl\/wp-content\/uploads\/2026\/03\/dutch-project-flooring-1-1024x768.jpeg 1024w, https:\/\/dutchprojectflooring.nl\/wp-content\/uploads\/2026\/03\/dutch-project-flooring-1-300x225.jpeg 300w, https:\/\/dutchprojectflooring.nl\/wp-content\/uploads\/2026\/03\/dutch-project-flooring-1-768x576.jpeg 768w, https:\/\/dutchprojectflooring.nl\/wp-content\/uploads\/2026\/03\/dutch-project-flooring-1-1536x1152.jpeg 1536w, https:\/\/dutchprojectflooring.nl\/wp-content\/uploads\/2026\/03\/dutch-project-flooring-1-16x12.jpeg 16w, https:\/\/dutchprojectflooring.nl\/wp-content\/uploads\/2026\/03\/dutch-project-flooring-1.jpeg 1600w\" sizes=\"auto, (max-width: 1024px) 100vw, 1024px\" \/><\/figure>\n\n\n\n<hr class=\"wp-block-separator has-alpha-channel-opacity is-style-default\"\/>\n\n\n\n<h2 class=\"wp-block-heading has-text-align-center\">Qu\u00e9 instalamos<\/h2>\n\n\n\n<p class=\"has-text-align-center\">Instalamos una amplia gama de&nbsp;<strong>sistemas de suelos mar\u00edtimos<\/strong>&nbsp;utilizados en cruceros y buques de pasajeros, incluyendo:<\/p>\n\n\n\n<p class=\"has-text-align-center\">Suelos LVT\/SPC\/PVC y vin\u00edlicos para cabinas de pasajeros<br>Instalaciones de moqueta y losetas de moqueta para pasillos<br>Sistemas de suelos de lin\u00f3leo para \u00e1reas de servicio<br>Sistemas de pavimento para corredores mar\u00edtimos<br>Instalaci\u00f3n de suelos para cabinas<br>Suelos t\u00e9cnicos para \u00e1reas de servicio<\/p>\n\n\n\n<p class=\"has-text-align-center\">Todos los sistemas de pavimento se instalan con especial atenci\u00f3n a los est\u00e1ndares de seguridad, la durabilidad y el rendimiento a largo plazo en exigentes entornos mar\u00edtimos.<\/p>\n\n\n\n<figure class=\"wp-block-image aligncenter size-large\"><img loading=\"lazy\" decoding=\"async\" width=\"1024\" height=\"768\" src=\"https:\/\/dutchprojectflooring.nl\/wp-content\/uploads\/2026\/03\/vinyl-flooring-tech-1024x768.jpeg\" alt=\"\" class=\"wp-image-309\" srcset=\"https:\/\/dutchprojectflooring.nl\/wp-content\/uploads\/2026\/03\/vinyl-flooring-tech-1024x768.jpeg 1024w, https:\/\/dutchprojectflooring.nl\/wp-content\/uploads\/2026\/03\/vinyl-flooring-tech-300x225.jpeg 300w, https:\/\/dutchprojectflooring.nl\/wp-content\/uploads\/2026\/03\/vinyl-flooring-tech-768x576.jpeg 768w, https:\/\/dutchprojectflooring.nl\/wp-content\/uploads\/2026\/03\/vinyl-flooring-tech-1536x1152.jpeg 1536w, https:\/\/dutchprojectflooring.nl\/wp-content\/uploads\/2026\/03\/vinyl-flooring-tech-16x12.jpeg 16w, https:\/\/dutchprojectflooring.nl\/wp-content\/uploads\/2026\/03\/vinyl-flooring-tech.jpeg 1600w\" sizes=\"auto, (max-width: 1024px) 100vw, 1024px\" \/><\/figure>\n\n\n\n<hr class=\"wp-block-separator has-alpha-channel-opacity is-style-default\"\/>\n\n\n\n<h2 class=\"wp-block-heading has-text-align-center\">Entornos mar\u00edtimos en los que trabajamos<\/h2>\n\n\n\n<p class=\"has-text-align-center\">Nuestros equipos de instalaci\u00f3n tienen experiencia trabajando en diferentes \u00e1reas a bordo de cruceros y buques de pasajeros, incluyendo:<\/p>\n\n\n\n<p class=\"has-text-align-center\">cabinas de pasajeros<br>pasillos y corredores del barco<br>\u00e1reas p\u00fablicas para pasajeros<br>zonas de tripulaci\u00f3n y alojamiento<br>espacios de hospitality mar\u00edtimo<br>\u00e1reas t\u00e9cnicas y de servicio<\/p>\n\n\n\n<p class=\"has-text-align-center\">Entendemos los requisitos log\u00edsticos de los proyectos mar\u00edtimos y coordinamos regularmente con astilleros, contratistas y jefes de proyecto.<\/p>\n\n\n\n<p><\/p>\n\n\n\n<hr class=\"wp-block-separator has-alpha-channel-opacity is-style-default\"\/>\n\n\n\n<h2 class=\"wp-block-heading has-text-align-center\">Proyectos mar\u00edtimos internacionales<\/h2>\n\n\n\n<p class=\"has-text-align-center\"><strong>Dutch Project Flooring<\/strong> realiza instalaciones de suelos mar\u00edtimos para <strong>refits de cruceros<\/strong>, <strong>modernizaciones de buques de pasajeros<\/strong> y <strong>proyectos de renovaci\u00f3n de interiores mar\u00edtimos<\/strong> en toda Europa y en astilleros internacionales. Nuestros equipos est\u00e1n disponibles para refits de cruceros, actualizaciones de buques de pasajeros y proyectos de renovaci\u00f3n de interiores mar\u00edtimos.<\/p>\n\n\n\n<p class=\"has-text-align-center\">Trabajamos de forma eficiente en entornos operativos donde una planificaci\u00f3n cuidadosa y una buena coordinaci\u00f3n son esenciales.<\/p>\n\n\n\n<figure class=\"wp-block-image aligncenter size-large\"><img loading=\"lazy\" decoding=\"async\" width=\"768\" height=\"1024\" src=\"https:\/\/dutchprojectflooring.nl\/wp-content\/uploads\/2026\/03\/corridor-cruise-ship-carpet-768x1024.jpeg\" alt=\"\" class=\"wp-image-356\" srcset=\"https:\/\/dutchprojectflooring.nl\/wp-content\/uploads\/2026\/03\/corridor-cruise-ship-carpet-768x1024.jpeg 768w, https:\/\/dutchprojectflooring.nl\/wp-content\/uploads\/2026\/03\/corridor-cruise-ship-carpet-225x300.jpeg 225w, https:\/\/dutchprojectflooring.nl\/wp-content\/uploads\/2026\/03\/corridor-cruise-ship-carpet-1152x1536.jpeg 1152w, https:\/\/dutchprojectflooring.nl\/wp-content\/uploads\/2026\/03\/corridor-cruise-ship-carpet.jpeg 1200w\" sizes=\"auto, (max-width: 768px) 100vw, 768px\" \/><\/figure>\n\n\n\n<hr class=\"wp-block-separator has-alpha-channel-opacity is-style-default\"\/>\n\n\n\n<h2 class=\"wp-block-heading has-text-align-center\">Hablar sobre su proyecto<\/h2>\n\n\n\n<p class=\"has-text-align-center\">\u00bfTiene un proyecto? Cont\u00e1ctenos para asesoramiento y un presupuesto r\u00e1pido.<\/p>\n\n\n\n<p class=\"has-text-align-center\"><a href=\"tel:+34665446043\">Ll\u00e1menos: +34 665 446 043<\/a><br><br><a href=\"https:\/\/wa.me\/34665446043?text=Hello%20I%20have%20a%20project%20in%20Spain\">O escr\u00edbanos directamente por WhatsApp<\/a><\/p>\n\n\n\n<p><\/p>\n\n\n\n<hr class=\"wp-block-separator has-alpha-channel-opacity is-style-default\"\/>\n\n\n\n<h2 class=\"wp-block-heading has-text-align-center\">Servicios de Instalaci\u00f3n de Suelos para Proyectos<\/h2>\n\n\n\n<p class=\"has-text-align-center\"><strong>Dutch Project Flooring<\/strong> ofrece instalaci\u00f3n profesional de suelos para entornos comerciales, hospitality y mar\u00edtimos en toda Europa.<\/p>\n\n\n\n<p class=\"has-text-align-center\">Nuestros equipos trabajan en hoteles, cruceros, promociones de apartamentos y grandes interiores comerciales donde la durabilidad, la precisi\u00f3n y una planificaci\u00f3n fiable son esenciales.<\/p>\n\n\n\n<p class=\"has-text-align-center\">Descubra nuestros servicios especializados de instalaci\u00f3n de suelos:<\/p>\n\n\n\n<p class=\"has-text-align-center\">\u2022 <strong><a href=\"https:\/\/dutchprojectflooring.nl\/es\/flooring-contractor-costa-blanca\/\" data-type=\"page\" data-id=\"483\">Empresa de instalaci\u00f3n de suelos en la Costa Blanca<\/a><\/strong>&nbsp;instalaci\u00f3n profesional de suelos para promociones de apartamentos, hoteles y proyectos comerciales en toda la Costa Blanca.<br>\u2022 <strong><a href=\"https:\/\/dutchprojectflooring.nl\/es\/flooring-installation-for-apartment-developments\/\" data-type=\"page\" data-id=\"389\">Instalaci\u00f3n de Suelos para Promociones de Apartamentos<\/a><\/strong> instalaciones a gran escala para proyectos residenciales de obra nueva<br>\u2022&nbsp;<strong><a href=\"https:\/\/dutchprojectflooring.nl\/es\/commercial-lvt-flooring-installation\/\" data-type=\"page\" data-id=\"194\">Instalaci\u00f3n de Suelos LVT Comerciales<\/a><\/strong>&nbsp;suelos SPC \/ PVC \/ LVT duraderos para entornos de alto tr\u00e1nsito<br>\u2022 <strong><a href=\"https:\/\/dutchprojectflooring.nl\/es\/commercial-flooring-contractors-spain\/\" data-type=\"page\" data-id=\"391\">Contratistas de Suelos Comerciales en Espa\u00f1a<\/a><\/strong> equipos especializados en instalaci\u00f3n para proyectos comerciales y hospitality<br>\u2022&nbsp;<strong><a href=\"https:\/\/dutchprojectflooring.nl\/es\/hotel-flooring-installation\/\" data-type=\"page\" data-id=\"192\">Instalaci\u00f3n de Suelos para Hoteles<\/a><\/strong>&nbsp;soluciones de suelos para hoteles, resorts y proyectos de hospitality<br>\u2022 <strong><a href=\"https:\/\/dutchprojectflooring.nl\/es\/hotel-flooring-contractors\/\" data-type=\"page\" data-id=\"393\">Contratistas de Suelos para Hoteles<\/a><\/strong> especialistas en suelos para habitaciones, pasillos y zonas comunes<br>\u2022&nbsp;<strong><a href=\"https:\/\/dutchprojectflooring.nl\/es\/carpet-carpet-tile-installation\/\" data-type=\"page\" data-id=\"201\">Instalaci\u00f3n de Moqueta y Losetas de Moqueta<\/a><\/strong>&nbsp;para espacios comerciales y hospitality<br>\u2022&nbsp;<strong><a href=\"https:\/\/dutchprojectflooring.nl\/es\/outdoor-deck-systems\/\" data-type=\"page\" data-id=\"209\">Sistemas de cubiertas exteriores<\/a><\/strong>&nbsp;instalaciones de c\u00e9sped artificial para cubiertas de cruceros y terrazas<br>\u2022&nbsp;<strong><a href=\"https:\/\/dutchprojectflooring.nl\/es\/marine-flooring-contractors\/\" data-type=\"page\" data-id=\"187\">Contratistas de Suelos Mar\u00edtimos<\/a><\/strong>&nbsp;sistemas de suelos para cruceros y buques de pasajeros<br>\u2022 <strong><a href=\"https:\/\/dutchprojectflooring.nl\/es\/cruise-ship-flooring-installation-2\/\" data-type=\"page\" data-id=\"371\">Instalaci\u00f3n de Suelos para Cruceros<\/a><\/strong> \u2013 instalaci\u00f3n profesional en buques de pasajeros<br>\u2022 <strong><a href=\"https:\/\/dutchprojectflooring.nl\/es\/cruise-ship-refit-flooring-installation\/\" data-type=\"page\" data-id=\"387\">Renovaci\u00f3n de Suelos en Cruceros (Refit)<\/a><\/strong> retirada e instalaci\u00f3n de nuevos sistemas de suelos durante periodos de refit y dique seco<br><strong>\u2022<\/strong> <strong><a href=\"https:\/\/dutchprojectflooring.nl\/es\/cruise-ship-flooring-installation\/\" data-type=\"page\" data-id=\"190\">Sistemas de Suelos para Cruceros<\/a> \u2013<\/strong>&nbsp;sistemas de suelos marinos duraderos para cruceros, incluyendo moqueta, vinilo, LVT y suelos para cubiertas exteriores utilizados en zonas de pasajeros y espacios t\u00e9cnicos.<br>\u2022&nbsp;<strong><a href=\"https:\/\/dutchprojectflooring.nl\/es\/projecten\/\" data-type=\"page\" data-id=\"18\">Nuestros proyectos<\/a><\/strong>&nbsp;\u2013 ejemplos de instalaciones de suelos realizadas.<\/p>\n\n\n\n<p class=\"has-text-align-center\">Para consultas sobre proyectos o posibles colaboraciones, no dude en ponerse en contacto con nuestro equipo <a href=\"https:\/\/dutchprojectflooring.nl\/es\/contact\/\" data-type=\"page\" data-id=\"10\">contacte<\/a> con nuestro equipo<\/p>\n\n\n\n<figure class=\"wp-block-image aligncenter size-full\"><a href=\"https:\/\/dutchprojectflooring.nl\/es\/\"><img loading=\"lazy\" decoding=\"async\" width=\"500\" height=\"500\" src=\"https:\/\/dutchprojectflooring.nl\/wp-content\/uploads\/2026\/03\/dutch-project-flooring-logo-500x500-1.png\" alt=\"Dutch Project Flooring\" class=\"wp-image-419\" srcset=\"https:\/\/dutchprojectflooring.nl\/wp-content\/uploads\/2026\/03\/dutch-project-flooring-logo-500x500-1.png 500w, https:\/\/dutchprojectflooring.nl\/wp-content\/uploads\/2026\/03\/dutch-project-flooring-logo-500x500-1-300x300.png 300w, https:\/\/dutchprojectflooring.nl\/wp-content\/uploads\/2026\/03\/dutch-project-flooring-logo-500x500-1-150x150.png 150w\" sizes=\"auto, (max-width: 500px) 100vw, 500px\" \/><\/a><\/figure>\n\n\n\n<p class=\"has-text-align-center translation-block\">Dutch Project Flooring es la divisi\u00f3n de proyectos de Port of Altea, un showroom familiar especializado en suelos e interiores ubicado en Altea, en la Costa Blanca, Espa\u00f1a.<\/p>","protected":false},"excerpt":{"rendered":"<p>Professional Marine &amp; Cruise Ship Flooring Installation Dutch Project Flooring specialises in professional marine flooring installation for cruise ships, passenger vessels and maritime interiors. Our installation teams work on marine [&hellip;]<\/p>\n","protected":false},"author":1,"featured_media":0,"parent":0,"menu_order":0,"comment_status":"closed","ping_status":"closed","template":"","meta":{"footnotes":""},"class_list":["post-187","page","type-page","status-publish","hentry"],"blocksy_meta":[],"_links":{"self":[{"href":"https:\/\/dutchprojectflooring.nl\/es\/wp-json\/wp\/v2\/pages\/187","targetHints":{"allow":["GET"]}}],"collection":[{"href":"https:\/\/dutchprojectflooring.nl\/es\/wp-json\/wp\/v2\/pages"}],"about":[{"href":"https:\/\/dutchprojectflooring.nl\/es\/wp-json\/wp\/v2\/types\/page"}],"author":[{"embeddable":true,"href":"https:\/\/dutchprojectflooring.nl\/es\/wp-json\/wp\/v2\/users\/1"}],"replies":[{"embeddable":true,"href":"https:\/\/dutchprojectflooring.nl\/es\/wp-json\/wp\/v2\/comments?post=187"}],"version-history":[{"count":20,"href":"https:\/\/dutchprojectflooring.nl\/es\/wp-json\/wp\/v2\/pages\/187\/revisions"}],"predecessor-version":[{"id":675,"href":"https:\/\/dutchprojectflooring.nl\/es\/wp-json\/wp\/v2\/pages\/187\/revisions\/675"}],"wp:attachment":[{"href":"https:\/\/dutchprojectflooring.nl\/es\/wp-json\/wp\/v2\/media?parent=187"}],"curies":[{"name":"wp","href":"https:\/\/api.w.org\/{rel}","templated":true}]}}